{"id":45009,"date":"2026-02-24T11:35:19","date_gmt":"2026-02-24T10:35:19","guid":{"rendered":"https:\/\/imprimeideas.es\/?post_type=product&p=45009"},"modified":"2026-02-26T18:13:54","modified_gmt":"2026-02-26T17:13:54","slug":"mochila-trolley-dancan","status":"publish","type":"product","link":"https:\/\/imprimeideas.es\/en\/product\/mochila-trolley-dancan\/","title":{"rendered":"Mochila Trolley Dancan"},"content":{"rendered":"<p>Mochila trolley de 2 ruedas en poli\u00e9ster 300D de alta calidad. Incluye compartimento interior acolchado para ordenador port\u00e1til de hasta 15 pulgadas. Con asa exterior reforzada a juego y pr\u00e1cticos bolsillos en parte frontal. Con cremalleras a juego, adem\u00e1s incluye cintas para hombro acolchadas y ocultas en parte posterior para usar como mochila. Presentado en bolsa individual reciclada.<\/p>","protected":false},"excerpt":{"rendered":"<p>Bolsillo Acolchado para Port\u00e1til. Parte Trasera y Cintas Acolchadas<\/p>","protected":false},"featured_media":67162,"comment_status":"open","ping_status":"open","template":"","meta":{"inline_featured_image":false},"product_brand":[],"product_cat":[94,103],"product_tag":[],"class_list":{"0":"post-45009","1":"product","2":"type-product","3":"status-publish","4":"has-post-thumbnail","6":"product_cat-mochilas","7":"product_cat-viaje","9":"first","10":"instock","11":"taxable","12":"shipping-taxable","13":"purchasable","14":"product-type-variable","15":"has-default-attributes"},"aioseo_notices":[],"_links":{"self":[{"href":"https:\/\/imprimeideas.es\/en\/wp-json\/wp\/v2\/product\/45009","targetHints":{"allow":["GET"]}}],"collection":[{"href":"https:\/\/imprimeideas.es\/en\/wp-json\/wp\/v2\/product"}],"about":[{"href":"https:\/\/imprimeideas.es\/en\/wp-json\/wp\/v2\/types\/product"}],"replies":[{"embeddable":true,"href":"https:\/\/imprimeideas.es\/en\/wp-json\/wp\/v2\/comments?post=45009"}],"version-history":[{"count":1,"href":"https:\/\/imprimeideas.es\/en\/wp-json\/wp\/v2\/product\/45009\/revisions"}],"predecessor-version":[{"id":55640,"href":"https:\/\/imprimeideas.es\/en\/wp-json\/wp\/v2\/product\/45009\/revisions\/55640"}],"wp:featuredmedia":[{"embeddable":true,"href":"https:\/\/imprimeideas.es\/en\/wp-json\/wp\/v2\/media\/67162"}],"wp:attachment":[{"href":"https:\/\/imprimeideas.es\/en\/wp-json\/wp\/v2\/media?parent=45009"}],"wp:term":[{"taxonomy":"product_brand","embeddable":true,"href":"https:\/\/imprimeideas.es\/en\/wp-json\/wp\/v2\/product_brand?post=45009"},{"taxonomy":"product_cat","embeddable":true,"href":"https:\/\/imprimeideas.es\/en\/wp-json\/wp\/v2\/product_cat?post=45009"},{"taxonomy":"product_tag","embeddable":true,"href":"https:\/\/imprimeideas.es\/en\/wp-json\/wp\/v2\/product_tag?post=45009"}],"curies":[{"name":"wp","href":"https:\/\/api.w.org\/{rel}","templated":true}]}}