{"id":45007,"date":"2026-02-24T11:35:19","date_gmt":"2026-02-24T10:35:19","guid":{"rendered":"https:\/\/imprimeideas.es\/?post_type=product&p=45007"},"modified":"2026-02-26T18:32:47","modified_gmt":"2026-02-26T17:32:47","slug":"mochila-salced","status":"publish","type":"product","link":"https:\/\/imprimeideas.es\/en\/product\/mochila-salced\/","title":{"rendered":"Mochila Salced"},"content":{"rendered":"<p>Mochila t\u00e1ctica en resistente poli\u00e9ster 800D y en tonos marr\u00f3n arena. Parte frontal con m\u00faltiples soportes el\u00e1sticos para colgar los accesorios necesarios durante la aventura. Compartimento principal con cierre de cremallera de doble tirador y bolsillo. Incluye esquinas reforzadas, asa de transporte y bolsillos laterales de rejilla. Con espalda y cintas de hombros acolchadas y ajustables, presentada individualmente en bolsa reciclada.<\/p>","protected":false},"excerpt":{"rendered":"<p>Parte Trasera y Cintas Acolchadas<\/p>","protected":false},"featured_media":82470,"comment_status":"open","ping_status":"open","template":"","meta":{"inline_featured_image":false},"product_brand":[],"product_cat":[94,102],"product_tag":[],"class_list":{"0":"post-45007","1":"product","2":"type-product","3":"status-publish","4":"has-post-thumbnail","6":"product_cat-mochilas","7":"product_cat-ocio-y-tiempo-libre","9":"first","10":"instock","11":"taxable","12":"shipping-taxable","13":"purchasable","14":"product-type-variable","15":"has-default-attributes"},"aioseo_notices":[],"_links":{"self":[{"href":"https:\/\/imprimeideas.es\/en\/wp-json\/wp\/v2\/product\/45007","targetHints":{"allow":["GET"]}}],"collection":[{"href":"https:\/\/imprimeideas.es\/en\/wp-json\/wp\/v2\/product"}],"about":[{"href":"https:\/\/imprimeideas.es\/en\/wp-json\/wp\/v2\/types\/product"}],"replies":[{"embeddable":true,"href":"https:\/\/imprimeideas.es\/en\/wp-json\/wp\/v2\/comments?post=45007"}],"version-history":[{"count":1,"href":"https:\/\/imprimeideas.es\/en\/wp-json\/wp\/v2\/product\/45007\/revisions"}],"predecessor-version":[{"id":55639,"href":"https:\/\/imprimeideas.es\/en\/wp-json\/wp\/v2\/product\/45007\/revisions\/55639"}],"wp:featuredmedia":[{"embeddable":true,"href":"https:\/\/imprimeideas.es\/en\/wp-json\/wp\/v2\/media\/82470"}],"wp:attachment":[{"href":"https:\/\/imprimeideas.es\/en\/wp-json\/wp\/v2\/media?parent=45007"}],"wp:term":[{"taxonomy":"product_brand","embeddable":true,"href":"https:\/\/imprimeideas.es\/en\/wp-json\/wp\/v2\/product_brand?post=45007"},{"taxonomy":"product_cat","embeddable":true,"href":"https:\/\/imprimeideas.es\/en\/wp-json\/wp\/v2\/product_cat?post=45007"},{"taxonomy":"product_tag","embeddable":true,"href":"https:\/\/imprimeideas.es\/en\/wp-json\/wp\/v2\/product_tag?post=45007"}],"curies":[{"name":"wp","href":"https:\/\/api.w.org\/{rel}","templated":true}]}}