{"id":45003,"date":"2026-02-24T11:35:18","date_gmt":"2026-02-24T10:35:18","guid":{"rendered":"https:\/\/imprimeideas.es\/?post_type=product&p=45003"},"modified":"2026-02-26T18:32:54","modified_gmt":"2026-02-26T17:32:54","slug":"rinonera-demuth","status":"publish","type":"product","link":"https:\/\/imprimeideas.es\/en\/product\/rinonera-demuth\/","title":{"rendered":"Ri\u00f1onera Demuth"},"content":{"rendered":"<p>Ri\u00f1onera en resistente poli\u00e9ster 800D y tono marr\u00f3n arena. Con 2 bolsillos de cierre de cremallera y cintas en tiradores para una c\u00f3moda apertura. Cinta ajustable con cierre de hebilla, presentada individualmente en bolsa reciclada.<\/p>","protected":false},"excerpt":{"rendered":"<p>Ri\u00f1onera en resistente poli\u00e9ster 800D y tono marr\u00f3n arena. Con 2 bolsillos de cierre de cremallera y cintas en tiradores<\/p>","protected":false},"featured_media":84250,"comment_status":"open","ping_status":"open","template":"","meta":{"inline_featured_image":false},"product_brand":[],"product_cat":[94,102],"product_tag":[],"class_list":{"0":"post-45003","1":"product","2":"type-product","3":"status-publish","4":"has-post-thumbnail","6":"product_cat-mochilas","7":"product_cat-ocio-y-tiempo-libre","9":"first","10":"instock","11":"taxable","12":"shipping-taxable","13":"purchasable","14":"product-type-variable","15":"has-default-attributes"},"aioseo_notices":[],"_links":{"self":[{"href":"https:\/\/imprimeideas.es\/en\/wp-json\/wp\/v2\/product\/45003","targetHints":{"allow":["GET"]}}],"collection":[{"href":"https:\/\/imprimeideas.es\/en\/wp-json\/wp\/v2\/product"}],"about":[{"href":"https:\/\/imprimeideas.es\/en\/wp-json\/wp\/v2\/types\/product"}],"replies":[{"embeddable":true,"href":"https:\/\/imprimeideas.es\/en\/wp-json\/wp\/v2\/comments?post=45003"}],"version-history":[{"count":1,"href":"https:\/\/imprimeideas.es\/en\/wp-json\/wp\/v2\/product\/45003\/revisions"}],"predecessor-version":[{"id":55637,"href":"https:\/\/imprimeideas.es\/en\/wp-json\/wp\/v2\/product\/45003\/revisions\/55637"}],"wp:featuredmedia":[{"embeddable":true,"href":"https:\/\/imprimeideas.es\/en\/wp-json\/wp\/v2\/media\/84250"}],"wp:attachment":[{"href":"https:\/\/imprimeideas.es\/en\/wp-json\/wp\/v2\/media?parent=45003"}],"wp:term":[{"taxonomy":"product_brand","embeddable":true,"href":"https:\/\/imprimeideas.es\/en\/wp-json\/wp\/v2\/product_brand?post=45003"},{"taxonomy":"product_cat","embeddable":true,"href":"https:\/\/imprimeideas.es\/en\/wp-json\/wp\/v2\/product_cat?post=45003"},{"taxonomy":"product_tag","embeddable":true,"href":"https:\/\/imprimeideas.es\/en\/wp-json\/wp\/v2\/product_tag?post=45003"}],"curies":[{"name":"wp","href":"https:\/\/api.w.org\/{rel}","templated":true}]}}