{"id":44987,"date":"2026-02-24T11:35:17","date_gmt":"2026-02-24T10:35:17","guid":{"rendered":"https:\/\/imprimeideas.es\/?post_type=product&p=44987"},"modified":"2026-02-26T18:13:40","modified_gmt":"2026-02-26T17:13:40","slug":"mochila-sergli","status":"publish","type":"product","link":"https:\/\/imprimeideas.es\/en\/product\/mochila-sergli\/","title":{"rendered":"Mochila Sergli"},"content":{"rendered":"<p>Mochila en resistente 300D RPET. Bolsillo principal y bolsillo frontal con cierre de cremallera. Cintas acolchadas ajustables para hombro y bolsillos de rejilla laterales. Logotipo RPET en etiqueta exterior. Disponible en variada gama de colores con accesorios en negro y embolsada individualmente en bolsa reciclada. El material RPET se elabora a partir de pl\u00e1stico reciclado, para as\u00ed fomentar la reutilizaci\u00f3n de residuos pl\u00e1sticos y ayudar a la sostenibilidad del planeta.<\/p>","protected":false},"excerpt":{"rendered":"<p>Parte Trasera y Cintas Acolchadas<\/p>","protected":false},"featured_media":82120,"comment_status":"open","ping_status":"open","template":"","meta":{"inline_featured_image":false},"product_brand":[],"product_cat":[122,94],"product_tag":[],"class_list":{"0":"post-44987","1":"product","2":"type-product","3":"status-publish","4":"has-post-thumbnail","6":"product_cat-articulos-sostenibles","7":"product_cat-mochilas","9":"first","10":"instock","11":"taxable","12":"shipping-taxable","13":"purchasable","14":"product-type-variable","15":"has-default-attributes"},"aioseo_notices":[],"_links":{"self":[{"href":"https:\/\/imprimeideas.es\/en\/wp-json\/wp\/v2\/product\/44987","targetHints":{"allow":["GET"]}}],"collection":[{"href":"https:\/\/imprimeideas.es\/en\/wp-json\/wp\/v2\/product"}],"about":[{"href":"https:\/\/imprimeideas.es\/en\/wp-json\/wp\/v2\/types\/product"}],"replies":[{"embeddable":true,"href":"https:\/\/imprimeideas.es\/en\/wp-json\/wp\/v2\/comments?post=44987"}],"version-history":[{"count":1,"href":"https:\/\/imprimeideas.es\/en\/wp-json\/wp\/v2\/product\/44987\/revisions"}],"predecessor-version":[{"id":55635,"href":"https:\/\/imprimeideas.es\/en\/wp-json\/wp\/v2\/product\/44987\/revisions\/55635"}],"wp:featuredmedia":[{"embeddable":true,"href":"https:\/\/imprimeideas.es\/en\/wp-json\/wp\/v2\/media\/82120"}],"wp:attachment":[{"href":"https:\/\/imprimeideas.es\/en\/wp-json\/wp\/v2\/media?parent=44987"}],"wp:term":[{"taxonomy":"product_brand","embeddable":true,"href":"https:\/\/imprimeideas.es\/en\/wp-json\/wp\/v2\/product_brand?post=44987"},{"taxonomy":"product_cat","embeddable":true,"href":"https:\/\/imprimeideas.es\/en\/wp-json\/wp\/v2\/product_cat?post=44987"},{"taxonomy":"product_tag","embeddable":true,"href":"https:\/\/imprimeideas.es\/en\/wp-json\/wp\/v2\/product_tag?post=44987"}],"curies":[{"name":"wp","href":"https:\/\/api.w.org\/{rel}","templated":true}]}}