{"id":44977,"date":"2026-02-24T11:35:15","date_gmt":"2026-02-24T10:35:15","guid":{"rendered":"https:\/\/imprimeideas.es\/?post_type=product&p=44977"},"modified":"2026-02-26T18:19:22","modified_gmt":"2026-02-26T17:19:22","slug":"bolso-mochila-denehy","status":"publish","type":"product","link":"https:\/\/imprimeideas.es\/en\/product\/bolso-mochila-denehy\/","title":{"rendered":"Bolso Mochila Denehy"},"content":{"rendered":"<p>Bolso mochila confeccionado en resistente y suave polipiel. Su compartimento central se cierra mediante cremallera de doble tirador. Adem\u00e1s, presenta un bolsillo lateral independiente y uno m\u00e1s en el otro extremo, ambos con cierre de cremallera; y en la base uno especialmente dise\u00f1ado para zapatos. Tambi\u00e9n incluye bolsillo exterior de rejilla. Ofrece tres opciones de transporte: como mochila, gracias a las asas acolchadas y plegables; como bolso de mano; o bien como bandolera gracias a su cinta para el hombro ajustable. Las cremalleras est\u00e1n discretamente ocultas para un dise\u00f1o m\u00e1s elegante. Presentado en bolsa individual.<\/p>","protected":false},"excerpt":{"rendered":"<p>Parte Trasera y Cintas Acolchadas. Compartimento Portazapatos<\/p>","protected":false},"featured_media":69141,"comment_status":"open","ping_status":"open","template":"","meta":{"inline_featured_image":false},"product_brand":[],"product_cat":[103],"product_tag":[],"class_list":{"0":"post-44977","1":"product","2":"type-product","3":"status-publish","4":"has-post-thumbnail","6":"product_cat-viaje","8":"first","9":"instock","10":"taxable","11":"shipping-taxable","12":"purchasable","13":"product-type-variable","14":"has-default-attributes"},"aioseo_notices":[],"_links":{"self":[{"href":"https:\/\/imprimeideas.es\/en\/wp-json\/wp\/v2\/product\/44977","targetHints":{"allow":["GET"]}}],"collection":[{"href":"https:\/\/imprimeideas.es\/en\/wp-json\/wp\/v2\/product"}],"about":[{"href":"https:\/\/imprimeideas.es\/en\/wp-json\/wp\/v2\/types\/product"}],"replies":[{"embeddable":true,"href":"https:\/\/imprimeideas.es\/en\/wp-json\/wp\/v2\/comments?post=44977"}],"version-history":[{"count":1,"href":"https:\/\/imprimeideas.es\/en\/wp-json\/wp\/v2\/product\/44977\/revisions"}],"predecessor-version":[{"id":55632,"href":"https:\/\/imprimeideas.es\/en\/wp-json\/wp\/v2\/product\/44977\/revisions\/55632"}],"wp:featuredmedia":[{"embeddable":true,"href":"https:\/\/imprimeideas.es\/en\/wp-json\/wp\/v2\/media\/69141"}],"wp:attachment":[{"href":"https:\/\/imprimeideas.es\/en\/wp-json\/wp\/v2\/media?parent=44977"}],"wp:term":[{"taxonomy":"product_brand","embeddable":true,"href":"https:\/\/imprimeideas.es\/en\/wp-json\/wp\/v2\/product_brand?post=44977"},{"taxonomy":"product_cat","embeddable":true,"href":"https:\/\/imprimeideas.es\/en\/wp-json\/wp\/v2\/product_cat?post=44977"},{"taxonomy":"product_tag","embeddable":true,"href":"https:\/\/imprimeideas.es\/en\/wp-json\/wp\/v2\/product_tag?post=44977"}],"curies":[{"name":"wp","href":"https:\/\/api.w.org\/{rel}","templated":true}]}}