{"id":44963,"date":"2026-02-24T11:35:14","date_gmt":"2026-02-24T10:35:14","guid":{"rendered":"https:\/\/imprimeideas.es\/?post_type=product&p=44963"},"modified":"2026-02-26T18:37:38","modified_gmt":"2026-02-26T17:37:38","slug":"mochila-weiter","status":"publish","type":"product","link":"https:\/\/imprimeideas.es\/en\/product\/mochila-weiter\/","title":{"rendered":"Mochila Weiter"},"content":{"rendered":"<p>Mochila extensible confeccionada en resistente 600D RPET. Equipada con cierre de cremallera de doble tirador, con posibilidad para ampliar la capacidad. Su interior cuenta con compartimentos acolchados dise\u00f1ados para tablet de hasta 10 pulgadas y port\u00e1til de hasta 15 pulgadas. Las cintas de hombros son acolchadas, ajustables y desmontables, permitiendo guardarlas en el bolsillo trasero. La mochila incluye una cinta para fijarla a las maletas y un asa superior para un f\u00e1cil transporte en la mano. Logotipo RPET en etiqueta. Presentado en una bolsa individual reciclada. El material RPET se elabora a partir de pl\u00e1stico reciclado, para as\u00ed fomentar la reutilizaci\u00f3n de residuos pl\u00e1sticos y ayudar a la sostenibilidad del planeta.<\/p>","protected":false},"excerpt":{"rendered":"<p>Extensible. Bolsillo Acolchado para Port\u00e1til y Tablet. Parte Trasera y Cintas Acolchadas<\/p>","protected":false},"featured_media":48044,"comment_status":"open","ping_status":"open","template":"","meta":{"inline_featured_image":false},"product_brand":[],"product_cat":[122,94],"product_tag":[],"class_list":{"0":"post-44963","1":"product","2":"type-product","3":"status-publish","4":"has-post-thumbnail","6":"product_cat-articulos-sostenibles","7":"product_cat-mochilas","9":"first","10":"instock","11":"taxable","12":"shipping-taxable","13":"purchasable","14":"product-type-variable","15":"has-default-attributes"},"aioseo_notices":[],"_links":{"self":[{"href":"https:\/\/imprimeideas.es\/en\/wp-json\/wp\/v2\/product\/44963","targetHints":{"allow":["GET"]}}],"collection":[{"href":"https:\/\/imprimeideas.es\/en\/wp-json\/wp\/v2\/product"}],"about":[{"href":"https:\/\/imprimeideas.es\/en\/wp-json\/wp\/v2\/types\/product"}],"replies":[{"embeddable":true,"href":"https:\/\/imprimeideas.es\/en\/wp-json\/wp\/v2\/comments?post=44963"}],"version-history":[{"count":1,"href":"https:\/\/imprimeideas.es\/en\/wp-json\/wp\/v2\/product\/44963\/revisions"}],"predecessor-version":[{"id":55627,"href":"https:\/\/imprimeideas.es\/en\/wp-json\/wp\/v2\/product\/44963\/revisions\/55627"}],"wp:featuredmedia":[{"embeddable":true,"href":"https:\/\/imprimeideas.es\/en\/wp-json\/wp\/v2\/media\/48044"}],"wp:attachment":[{"href":"https:\/\/imprimeideas.es\/en\/wp-json\/wp\/v2\/media?parent=44963"}],"wp:term":[{"taxonomy":"product_brand","embeddable":true,"href":"https:\/\/imprimeideas.es\/en\/wp-json\/wp\/v2\/product_brand?post=44963"},{"taxonomy":"product_cat","embeddable":true,"href":"https:\/\/imprimeideas.es\/en\/wp-json\/wp\/v2\/product_cat?post=44963"},{"taxonomy":"product_tag","embeddable":true,"href":"https:\/\/imprimeideas.es\/en\/wp-json\/wp\/v2\/product_tag?post=44963"}],"curies":[{"name":"wp","href":"https:\/\/api.w.org\/{rel}","templated":true}]}}