{"id":44950,"date":"2026-02-24T11:35:12","date_gmt":"2026-02-24T10:35:12","guid":{"rendered":"https:\/\/imprimeideas.es\/?post_type=product&p=44950"},"modified":"2026-02-26T18:19:32","modified_gmt":"2026-02-26T17:19:32","slug":"estacion-meteorologica-roamer","status":"publish","type":"product","link":"https:\/\/imprimeideas.es\/en\/product\/estacion-meteorologica-roamer\/","title":{"rendered":"Estaci\u00f3n Meteorol\u00f3gica Roamer"},"content":{"rendered":"<p>Estaci\u00f3n meteorol\u00f3gica con frontal en bamb\u00fa. Con sensor de temperatura y humedad. Funci\u00f3n calendario y alarma. Alimentaci\u00f3n a pila (1xAAA no incluida) y presentado en atractiva caja de dise\u00f1o kraft. Disponible manual de instrucciones en espa\u00f1ol e ingl\u00e9s.Materiales como el bamb\u00fa fomentan la utilizaci\u00f3n de materias primas naturales, reduciendo las emisiones contaminantes. Proviene de una planta de gran resistencia y versatilidad, con crecimiento y regeneraci\u00f3n r\u00e1pidos, siendo una excelente alternativa al uso de madera tradicional.<\/p>","protected":false},"excerpt":{"rendered":"<p>1 Pila AAA No Incluida<\/p>","protected":false},"featured_media":75101,"comment_status":"open","ping_status":"open","template":"","meta":{"inline_featured_image":false},"product_brand":[],"product_cat":[111,122,95],"product_tag":[],"class_list":{"0":"post-44950","1":"product","2":"type-product","3":"status-publish","4":"has-post-thumbnail","6":"product_cat-agricultura","7":"product_cat-articulos-sostenibles","8":"product_cat-tecnologia-y-accesorios","10":"first","11":"instock","12":"taxable","13":"shipping-taxable","14":"purchasable","15":"product-type-variable","16":"has-default-attributes"},"aioseo_notices":[],"_links":{"self":[{"href":"https:\/\/imprimeideas.es\/en\/wp-json\/wp\/v2\/product\/44950","targetHints":{"allow":["GET"]}}],"collection":[{"href":"https:\/\/imprimeideas.es\/en\/wp-json\/wp\/v2\/product"}],"about":[{"href":"https:\/\/imprimeideas.es\/en\/wp-json\/wp\/v2\/types\/product"}],"replies":[{"embeddable":true,"href":"https:\/\/imprimeideas.es\/en\/wp-json\/wp\/v2\/comments?post=44950"}],"version-history":[{"count":1,"href":"https:\/\/imprimeideas.es\/en\/wp-json\/wp\/v2\/product\/44950\/revisions"}],"predecessor-version":[{"id":55621,"href":"https:\/\/imprimeideas.es\/en\/wp-json\/wp\/v2\/product\/44950\/revisions\/55621"}],"wp:featuredmedia":[{"embeddable":true,"href":"https:\/\/imprimeideas.es\/en\/wp-json\/wp\/v2\/media\/75101"}],"wp:attachment":[{"href":"https:\/\/imprimeideas.es\/en\/wp-json\/wp\/v2\/media?parent=44950"}],"wp:term":[{"taxonomy":"product_brand","embeddable":true,"href":"https:\/\/imprimeideas.es\/en\/wp-json\/wp\/v2\/product_brand?post=44950"},{"taxonomy":"product_cat","embeddable":true,"href":"https:\/\/imprimeideas.es\/en\/wp-json\/wp\/v2\/product_cat?post=44950"},{"taxonomy":"product_tag","embeddable":true,"href":"https:\/\/imprimeideas.es\/en\/wp-json\/wp\/v2\/product_tag?post=44950"}],"curies":[{"name":"wp","href":"https:\/\/api.w.org\/{rel}","templated":true}]}}