{"id":44939,"date":"2026-02-24T11:35:11","date_gmt":"2026-02-24T10:35:11","guid":{"rendered":"https:\/\/imprimeideas.es\/?post_type=product&p=44939"},"modified":"2026-02-26T18:32:56","modified_gmt":"2026-02-26T17:32:56","slug":"altavoz-microfono-sinfonyx","status":"publish","type":"product","link":"https:\/\/imprimeideas.es\/en\/product\/altavoz-microfono-sinfonyx\/","title":{"rendered":"Altavoz Micr\u00f3fono Sinfonyx"},"content":{"rendered":"<p>Descubre la libertad de la m\u00fasica con el altavoz micr\u00f3fono port\u00e1til, con conexi\u00f3n Bluetooth y fabricado en resistente ABS. Con espuma protectora gris y luces LED multicolor que a\u00f1aden un toque vibrante, este dispositivo es perfecto para animar cualquier ocasi\u00f3n. Botones integrados en el mango para controlar f\u00e1cilmente todas las funciones que ofrece, efectos de eco, multitud de conexiones y ranura para tarjetas Micro SD de hasta 32 GB. Potencia de sonido de 5W y bater\u00eda recargable de 1.200 mAh, con cable Tipo C (incluido) que asegura horas de entretenimiento. Presentado en caja de dise\u00f1o kraft, con manual de instrucciones en espa\u00f1ol e ingl\u00e9s.<\/p>","protected":false},"excerpt":{"rendered":"<p>Luces Led Multicolor. Conexi\u00f3n Bluetooth. Potencia Sonido 5W. Bater\u00eda 1.200 mAh<\/p>","protected":false},"featured_media":85821,"comment_status":"open","ping_status":"open","template":"","meta":{"inline_featured_image":false},"product_brand":[],"product_cat":[95],"product_tag":[],"class_list":{"0":"post-44939","1":"product","2":"type-product","3":"status-publish","4":"has-post-thumbnail","6":"product_cat-tecnologia-y-accesorios","8":"first","9":"instock","10":"taxable","11":"shipping-taxable","12":"purchasable","13":"product-type-variable","14":"has-default-attributes"},"aioseo_notices":[],"_links":{"self":[{"href":"https:\/\/imprimeideas.es\/en\/wp-json\/wp\/v2\/product\/44939","targetHints":{"allow":["GET"]}}],"collection":[{"href":"https:\/\/imprimeideas.es\/en\/wp-json\/wp\/v2\/product"}],"about":[{"href":"https:\/\/imprimeideas.es\/en\/wp-json\/wp\/v2\/types\/product"}],"replies":[{"embeddable":true,"href":"https:\/\/imprimeideas.es\/en\/wp-json\/wp\/v2\/comments?post=44939"}],"version-history":[{"count":1,"href":"https:\/\/imprimeideas.es\/en\/wp-json\/wp\/v2\/product\/44939\/revisions"}],"predecessor-version":[{"id":55617,"href":"https:\/\/imprimeideas.es\/en\/wp-json\/wp\/v2\/product\/44939\/revisions\/55617"}],"wp:featuredmedia":[{"embeddable":true,"href":"https:\/\/imprimeideas.es\/en\/wp-json\/wp\/v2\/media\/85821"}],"wp:attachment":[{"href":"https:\/\/imprimeideas.es\/en\/wp-json\/wp\/v2\/media?parent=44939"}],"wp:term":[{"taxonomy":"product_brand","embeddable":true,"href":"https:\/\/imprimeideas.es\/en\/wp-json\/wp\/v2\/product_brand?post=44939"},{"taxonomy":"product_cat","embeddable":true,"href":"https:\/\/imprimeideas.es\/en\/wp-json\/wp\/v2\/product_cat?post=44939"},{"taxonomy":"product_tag","embeddable":true,"href":"https:\/\/imprimeideas.es\/en\/wp-json\/wp\/v2\/product_tag?post=44939"}],"curies":[{"name":"wp","href":"https:\/\/api.w.org\/{rel}","templated":true}]}}