{"id":44937,"date":"2026-02-24T11:35:11","date_gmt":"2026-02-24T10:35:11","guid":{"rendered":"https:\/\/imprimeideas.es\/?post_type=product&p=44937"},"modified":"2026-02-26T18:13:44","modified_gmt":"2026-02-26T17:13:44","slug":"raton-elington","status":"publish","type":"product","link":"https:\/\/imprimeideas.es\/en\/product\/raton-elington\/","title":{"rendered":"Rat\u00f3n Elington"},"content":{"rendered":"<p>Rat\u00f3n \u00f3ptico inal\u00e1mbrico con dise\u00f1o ergon\u00f3mico, con superficie de manejo en RPET. Bot\u00f3n DPI incluido y alimentaci\u00f3n a pilas: 1xAA no incluida. Con sistema plug and play, sin necesidad de instalaci\u00f3n. Presentado en atractiva caja de dise\u00f1o kraft.El material RPET se elabora a partir de pl\u00e1stico reciclado, para as\u00ed fomentar la reutilizaci\u00f3n de residuos pl\u00e1sticos y ayudar a la sostenibilidad del planeta.<\/p>","protected":false},"excerpt":{"rendered":"<p>Inal\u00e1mbrico. \u00d3ptico. Bot\u00f3n DPI. 1 Pila AA No Incluida<\/p>","protected":false},"featured_media":71253,"comment_status":"open","ping_status":"open","template":"","meta":{"inline_featured_image":false},"product_brand":[],"product_cat":[122,96,95],"product_tag":[],"class_list":{"0":"post-44937","1":"product","2":"type-product","3":"status-publish","4":"has-post-thumbnail","6":"product_cat-articulos-sostenibles","7":"product_cat-oficina-y-negocios","8":"product_cat-tecnologia-y-accesorios","10":"first","11":"instock","12":"taxable","13":"shipping-taxable","14":"purchasable","15":"product-type-variable","16":"has-default-attributes"},"aioseo_notices":[],"_links":{"self":[{"href":"https:\/\/imprimeideas.es\/en\/wp-json\/wp\/v2\/product\/44937","targetHints":{"allow":["GET"]}}],"collection":[{"href":"https:\/\/imprimeideas.es\/en\/wp-json\/wp\/v2\/product"}],"about":[{"href":"https:\/\/imprimeideas.es\/en\/wp-json\/wp\/v2\/types\/product"}],"replies":[{"embeddable":true,"href":"https:\/\/imprimeideas.es\/en\/wp-json\/wp\/v2\/comments?post=44937"}],"version-history":[{"count":1,"href":"https:\/\/imprimeideas.es\/en\/wp-json\/wp\/v2\/product\/44937\/revisions"}],"predecessor-version":[{"id":55616,"href":"https:\/\/imprimeideas.es\/en\/wp-json\/wp\/v2\/product\/44937\/revisions\/55616"}],"wp:featuredmedia":[{"embeddable":true,"href":"https:\/\/imprimeideas.es\/en\/wp-json\/wp\/v2\/media\/71253"}],"wp:attachment":[{"href":"https:\/\/imprimeideas.es\/en\/wp-json\/wp\/v2\/media?parent=44937"}],"wp:term":[{"taxonomy":"product_brand","embeddable":true,"href":"https:\/\/imprimeideas.es\/en\/wp-json\/wp\/v2\/product_brand?post=44937"},{"taxonomy":"product_cat","embeddable":true,"href":"https:\/\/imprimeideas.es\/en\/wp-json\/wp\/v2\/product_cat?post=44937"},{"taxonomy":"product_tag","embeddable":true,"href":"https:\/\/imprimeideas.es\/en\/wp-json\/wp\/v2\/product_tag?post=44937"}],"curies":[{"name":"wp","href":"https:\/\/api.w.org\/{rel}","templated":true}]}}