{"id":44935,"date":"2026-02-24T11:35:11","date_gmt":"2026-02-24T10:35:11","guid":{"rendered":"https:\/\/imprimeideas.es\/?post_type=product&p=44935"},"modified":"2026-02-26T18:08:23","modified_gmt":"2026-02-26T17:08:23","slug":"mini-calefactor-durden","status":"publish","type":"product","link":"https:\/\/imprimeideas.es\/en\/product\/mini-calefactor-durden\/","title":{"rendered":"Mini Calefactor Durden"},"content":{"rendered":"<p>Pr\u00e1ctico mini calefactor, eficaz para combatir el fr\u00edo. Con una potencia de 600W y compatible con corriente alterna de 220V-240V, este dispositivo es el aliado perfecto para espacios peque\u00f1os. Su dise\u00f1o port\u00e1til y elegante lo convierte en un complemento ideal para cualquier entorno. Presentado en caja de dise\u00f1o kraft.<\/p>","protected":false},"excerpt":{"rendered":"<p>600W. CA 220-240V<\/p>","protected":false},"featured_media":72847,"comment_status":"open","ping_status":"open","template":"","meta":{"inline_featured_image":false},"product_brand":[],"product_cat":[104,96],"product_tag":[],"class_list":{"0":"post-44935","1":"product","2":"type-product","3":"status-publish","4":"has-post-thumbnail","6":"product_cat-hogar-y-decoracion","7":"product_cat-oficina-y-negocios","9":"first","10":"instock","11":"taxable","12":"shipping-taxable","13":"purchasable","14":"product-type-variable","15":"has-default-attributes"},"aioseo_notices":[],"_links":{"self":[{"href":"https:\/\/imprimeideas.es\/en\/wp-json\/wp\/v2\/product\/44935","targetHints":{"allow":["GET"]}}],"collection":[{"href":"https:\/\/imprimeideas.es\/en\/wp-json\/wp\/v2\/product"}],"about":[{"href":"https:\/\/imprimeideas.es\/en\/wp-json\/wp\/v2\/types\/product"}],"replies":[{"embeddable":true,"href":"https:\/\/imprimeideas.es\/en\/wp-json\/wp\/v2\/comments?post=44935"}],"version-history":[{"count":1,"href":"https:\/\/imprimeideas.es\/en\/wp-json\/wp\/v2\/product\/44935\/revisions"}],"predecessor-version":[{"id":55615,"href":"https:\/\/imprimeideas.es\/en\/wp-json\/wp\/v2\/product\/44935\/revisions\/55615"}],"wp:featuredmedia":[{"embeddable":true,"href":"https:\/\/imprimeideas.es\/en\/wp-json\/wp\/v2\/media\/72847"}],"wp:attachment":[{"href":"https:\/\/imprimeideas.es\/en\/wp-json\/wp\/v2\/media?parent=44935"}],"wp:term":[{"taxonomy":"product_brand","embeddable":true,"href":"https:\/\/imprimeideas.es\/en\/wp-json\/wp\/v2\/product_brand?post=44935"},{"taxonomy":"product_cat","embeddable":true,"href":"https:\/\/imprimeideas.es\/en\/wp-json\/wp\/v2\/product_cat?post=44935"},{"taxonomy":"product_tag","embeddable":true,"href":"https:\/\/imprimeideas.es\/en\/wp-json\/wp\/v2\/product_tag?post=44935"}],"curies":[{"name":"wp","href":"https:\/\/api.w.org\/{rel}","templated":true}]}}