{"id":44933,"date":"2026-02-24T11:35:11","date_gmt":"2026-02-24T10:35:11","guid":{"rendered":"https:\/\/imprimeideas.es\/?post_type=product&p=44933"},"modified":"2026-02-26T18:23:27","modified_gmt":"2026-02-26T17:23:27","slug":"mini-aire-acondicionado-janek","status":"publish","type":"product","link":"https:\/\/imprimeideas.es\/en\/product\/mini-aire-acondicionado-janek\/","title":{"rendered":"Mini Aire Acondicionado Janek"},"content":{"rendered":"<p>Mini dispositivo port\u00e1til de aire acondicionado para enfriar y purificar el aire. Al ser peque\u00f1o y ligero, es f\u00e1cilmente transportable. Ventilador con tres velocidades a elegir (alta, media, baja). Incluye un dep\u00f3sito de agua de gran capacidad -700 ml-, con posibilidad de a\u00f1adir cubitos de hielo para conseguir un aire m\u00e1s fresco alrededor. Se conecta a la corriente el\u00e9ctrica a trav\u00e9s de un cable de alimentaci\u00f3n USB -incluido- y viene presentado individualmente en caja de dise\u00f1o kraft. Disponible manual de instrucciones en espa\u00f1ol e ingl\u00e9s.<\/p>","protected":false},"excerpt":{"rendered":"<p>700 ml. 3 Posiciones. Conexi\u00f3n USB<\/p>","protected":false},"featured_media":61815,"comment_status":"open","ping_status":"open","template":"","meta":{"inline_featured_image":false},"product_brand":[],"product_cat":[96],"product_tag":[],"class_list":{"0":"post-44933","1":"product","2":"type-product","3":"status-publish","4":"has-post-thumbnail","6":"product_cat-oficina-y-negocios","8":"first","9":"instock","10":"taxable","11":"shipping-taxable","12":"purchasable","13":"product-type-variable","14":"has-default-attributes"},"aioseo_notices":[],"_links":{"self":[{"href":"https:\/\/imprimeideas.es\/en\/wp-json\/wp\/v2\/product\/44933","targetHints":{"allow":["GET"]}}],"collection":[{"href":"https:\/\/imprimeideas.es\/en\/wp-json\/wp\/v2\/product"}],"about":[{"href":"https:\/\/imprimeideas.es\/en\/wp-json\/wp\/v2\/types\/product"}],"replies":[{"embeddable":true,"href":"https:\/\/imprimeideas.es\/en\/wp-json\/wp\/v2\/comments?post=44933"}],"version-history":[{"count":1,"href":"https:\/\/imprimeideas.es\/en\/wp-json\/wp\/v2\/product\/44933\/revisions"}],"predecessor-version":[{"id":55614,"href":"https:\/\/imprimeideas.es\/en\/wp-json\/wp\/v2\/product\/44933\/revisions\/55614"}],"wp:featuredmedia":[{"embeddable":true,"href":"https:\/\/imprimeideas.es\/en\/wp-json\/wp\/v2\/media\/61815"}],"wp:attachment":[{"href":"https:\/\/imprimeideas.es\/en\/wp-json\/wp\/v2\/media?parent=44933"}],"wp:term":[{"taxonomy":"product_brand","embeddable":true,"href":"https:\/\/imprimeideas.es\/en\/wp-json\/wp\/v2\/product_brand?post=44933"},{"taxonomy":"product_cat","embeddable":true,"href":"https:\/\/imprimeideas.es\/en\/wp-json\/wp\/v2\/product_cat?post=44933"},{"taxonomy":"product_tag","embeddable":true,"href":"https:\/\/imprimeideas.es\/en\/wp-json\/wp\/v2\/product_tag?post=44933"}],"curies":[{"name":"wp","href":"https:\/\/api.w.org\/{rel}","templated":true}]}}