{"id":44926,"date":"2026-02-24T11:35:10","date_gmt":"2026-02-24T10:35:10","guid":{"rendered":"https:\/\/imprimeideas.es\/?post_type=product&p=44926"},"modified":"2026-02-26T18:23:17","modified_gmt":"2026-02-26T17:23:17","slug":"lampara-cargador-gregal","status":"publish","type":"product","link":"https:\/\/imprimeideas.es\/en\/product\/lampara-cargador-gregal\/","title":{"rendered":"L\u00e1mpara Cargador Gregal"},"content":{"rendered":"<p>L\u00e1mpara cargador fabricada en resistente bamb\u00fa. Con cargador inal\u00e1mbrico 15W integrado y l\u00e1mpara de 12 LEDs, m\u00e1stil flexible y 3 posiciones de iluminaci\u00f3n (c\u00e1lida, fr\u00eda y media), adem\u00e1s de regulador de intensidad de la luz. Compatible con dispositivos m\u00f3viles de carga inal\u00e1mbrica, con cable cargador Tipo C y presentada en una atractiva caja de dise\u00f1o kraft. Disponible manual de instrucciones en espa\u00f1ol e ingl\u00e9s.Materiales como el bamb\u00fa fomentan la utilizaci\u00f3n de materias primas naturales, reduciendo las emisiones contaminantes. Proviene de una planta de gran resistencia y versatilidad, con crecimiento y regeneraci\u00f3n r\u00e1pidos, siendo una excelente alternativa al uso de madera tradicional.Fabricada conforme a los est\u00e1ndares RoHS y en cumplimiento con los siguientes requisitos de seguridad:Sistema de protecci\u00f3n contra sobrecalentamiento.Sistema de protecci\u00f3n contra sobrecarga.Sistema de bloqueo para evitar cortocircuitos.<\/p>","protected":false},"excerpt":{"rendered":"<p>12 Ledes. Flexible. Intensidad de Luz Regulable. Cargador Inal\u00e1mbrico 15W. Conexi\u00f3n USB<\/p>","protected":false},"featured_media":65364,"comment_status":"open","ping_status":"open","template":"","meta":{"inline_featured_image":false},"product_brand":[],"product_cat":[122,104,95],"product_tag":[],"class_list":{"0":"post-44926","1":"product","2":"type-product","3":"status-publish","4":"has-post-thumbnail","6":"product_cat-articulos-sostenibles","7":"product_cat-hogar-y-decoracion","8":"product_cat-tecnologia-y-accesorios","10":"first","11":"instock","12":"taxable","13":"shipping-taxable","14":"purchasable","15":"product-type-variable","16":"has-default-attributes"},"aioseo_notices":[],"_links":{"self":[{"href":"https:\/\/imprimeideas.es\/en\/wp-json\/wp\/v2\/product\/44926","targetHints":{"allow":["GET"]}}],"collection":[{"href":"https:\/\/imprimeideas.es\/en\/wp-json\/wp\/v2\/product"}],"about":[{"href":"https:\/\/imprimeideas.es\/en\/wp-json\/wp\/v2\/types\/product"}],"replies":[{"embeddable":true,"href":"https:\/\/imprimeideas.es\/en\/wp-json\/wp\/v2\/comments?post=44926"}],"version-history":[{"count":1,"href":"https:\/\/imprimeideas.es\/en\/wp-json\/wp\/v2\/product\/44926\/revisions"}],"predecessor-version":[{"id":55611,"href":"https:\/\/imprimeideas.es\/en\/wp-json\/wp\/v2\/product\/44926\/revisions\/55611"}],"wp:featuredmedia":[{"embeddable":true,"href":"https:\/\/imprimeideas.es\/en\/wp-json\/wp\/v2\/media\/65364"}],"wp:attachment":[{"href":"https:\/\/imprimeideas.es\/en\/wp-json\/wp\/v2\/media?parent=44926"}],"wp:term":[{"taxonomy":"product_brand","embeddable":true,"href":"https:\/\/imprimeideas.es\/en\/wp-json\/wp\/v2\/product_brand?post=44926"},{"taxonomy":"product_cat","embeddable":true,"href":"https:\/\/imprimeideas.es\/en\/wp-json\/wp\/v2\/product_cat?post=44926"},{"taxonomy":"product_tag","embeddable":true,"href":"https:\/\/imprimeideas.es\/en\/wp-json\/wp\/v2\/product_tag?post=44926"}],"curies":[{"name":"wp","href":"https:\/\/api.w.org\/{rel}","templated":true}]}}