{"id":44924,"date":"2026-02-24T11:35:10","date_gmt":"2026-02-24T10:35:10","guid":{"rendered":"https:\/\/imprimeideas.es\/?post_type=product&p=44924"},"modified":"2026-02-26T18:08:14","modified_gmt":"2026-02-26T17:08:14","slug":"mesa-de-mezclas-valdy","status":"publish","type":"product","link":"https:\/\/imprimeideas.es\/en\/product\/mesa-de-mezclas-valdy\/","title":{"rendered":"Mesa de Mezclas Valdy"},"content":{"rendered":"<p>Fant\u00e1stica mesa de mezclas, fusi\u00f3n de estilo y funcionalidad, que eleva cada sesi\u00f3n al siguiente nivel. Ofrece un control total, con multitud de deslizadores y potenci\u00f3metros retroiluminados que, combinados con una interfaz de usuario intuitiva, posibilitan la creaci\u00f3n de mezclas impresionantes. Se conecta al ordenador mediante cable USB y cuenta con multitud de entradas y salidas para conectar varios dispositivos simult\u00e1neamente. Con conexi\u00f3n Bluetooth y bastidor de efectos, tanto pregrabados como personalizables. Presentada en caja de dise\u00f1o kraft, con manual de instrucciones en espa\u00f1ol e ingl\u00e9s.<\/p>","protected":false},"excerpt":{"rendered":"<p>Conexi\u00f3n USB<\/p>","protected":false},"featured_media":45443,"comment_status":"open","ping_status":"open","template":"","meta":{"inline_featured_image":false},"product_brand":[],"product_cat":[95],"product_tag":[],"class_list":{"0":"post-44924","1":"product","2":"type-product","3":"status-publish","4":"has-post-thumbnail","6":"product_cat-tecnologia-y-accesorios","8":"first","9":"instock","10":"taxable","11":"shipping-taxable","12":"purchasable","13":"product-type-variable","14":"has-default-attributes"},"aioseo_notices":[],"_links":{"self":[{"href":"https:\/\/imprimeideas.es\/en\/wp-json\/wp\/v2\/product\/44924","targetHints":{"allow":["GET"]}}],"collection":[{"href":"https:\/\/imprimeideas.es\/en\/wp-json\/wp\/v2\/product"}],"about":[{"href":"https:\/\/imprimeideas.es\/en\/wp-json\/wp\/v2\/types\/product"}],"replies":[{"embeddable":true,"href":"https:\/\/imprimeideas.es\/en\/wp-json\/wp\/v2\/comments?post=44924"}],"version-history":[{"count":1,"href":"https:\/\/imprimeideas.es\/en\/wp-json\/wp\/v2\/product\/44924\/revisions"}],"predecessor-version":[{"id":55610,"href":"https:\/\/imprimeideas.es\/en\/wp-json\/wp\/v2\/product\/44924\/revisions\/55610"}],"wp:featuredmedia":[{"embeddable":true,"href":"https:\/\/imprimeideas.es\/en\/wp-json\/wp\/v2\/media\/45443"}],"wp:attachment":[{"href":"https:\/\/imprimeideas.es\/en\/wp-json\/wp\/v2\/media?parent=44924"}],"wp:term":[{"taxonomy":"product_brand","embeddable":true,"href":"https:\/\/imprimeideas.es\/en\/wp-json\/wp\/v2\/product_brand?post=44924"},{"taxonomy":"product_cat","embeddable":true,"href":"https:\/\/imprimeideas.es\/en\/wp-json\/wp\/v2\/product_cat?post=44924"},{"taxonomy":"product_tag","embeddable":true,"href":"https:\/\/imprimeideas.es\/en\/wp-json\/wp\/v2\/product_tag?post=44924"}],"curies":[{"name":"wp","href":"https:\/\/api.w.org\/{rel}","templated":true}]}}