{"id":44922,"date":"2026-02-24T11:35:09","date_gmt":"2026-02-24T10:35:09","guid":{"rendered":"https:\/\/imprimeideas.es\/?post_type=product&p=44922"},"modified":"2026-02-26T18:03:06","modified_gmt":"2026-02-26T17:03:06","slug":"set-gamer-thrym","status":"publish","type":"product","link":"https:\/\/imprimeideas.es\/en\/product\/set-gamer-thrym\/","title":{"rendered":"Set Gamer Thrym"},"content":{"rendered":"<p>Set gamer para una experiencia de videojuego inmersiva. Incluye rat\u00f3n \u00f3ptico y teclado QWERTY en espa\u00f1ol, ambos retroiuminados con luz LED multicolor y conexi\u00f3n mediante cable USB. Adem\u00e1s, incorpora una alfombrilla en suave poli\u00e9ster, con base de silicona antideslizante perfecta para usar el rat\u00f3n con precisi\u00f3n. El set lo completan unos auriculares de diadema con sonido envolvente y retroiluminados con luz LED multicolor; micr\u00f3fono integrado y conexi\u00f3n jack de 3,5mm. Set en elegante acabado de color negro, presentado en caja individual de dise\u00f1o kraft.<\/p>","protected":false},"excerpt":{"rendered":"<p>Auriculares Conexi\u00f3n Jack 3,5 mm. Alfombrilla Poli\u00e9ster\/ Silicona, Antideslizante<\/p>","protected":false},"featured_media":46608,"comment_status":"open","ping_status":"open","template":"","meta":{"inline_featured_image":false},"product_brand":[],"product_cat":[95],"product_tag":[],"class_list":{"0":"post-44922","1":"product","2":"type-product","3":"status-publish","4":"has-post-thumbnail","6":"product_cat-tecnologia-y-accesorios","8":"first","9":"instock","10":"taxable","11":"shipping-taxable","12":"purchasable","13":"product-type-variable","14":"has-default-attributes"},"aioseo_notices":[],"_links":{"self":[{"href":"https:\/\/imprimeideas.es\/en\/wp-json\/wp\/v2\/product\/44922","targetHints":{"allow":["GET"]}}],"collection":[{"href":"https:\/\/imprimeideas.es\/en\/wp-json\/wp\/v2\/product"}],"about":[{"href":"https:\/\/imprimeideas.es\/en\/wp-json\/wp\/v2\/types\/product"}],"replies":[{"embeddable":true,"href":"https:\/\/imprimeideas.es\/en\/wp-json\/wp\/v2\/comments?post=44922"}],"version-history":[{"count":1,"href":"https:\/\/imprimeideas.es\/en\/wp-json\/wp\/v2\/product\/44922\/revisions"}],"predecessor-version":[{"id":55609,"href":"https:\/\/imprimeideas.es\/en\/wp-json\/wp\/v2\/product\/44922\/revisions\/55609"}],"wp:featuredmedia":[{"embeddable":true,"href":"https:\/\/imprimeideas.es\/en\/wp-json\/wp\/v2\/media\/46608"}],"wp:attachment":[{"href":"https:\/\/imprimeideas.es\/en\/wp-json\/wp\/v2\/media?parent=44922"}],"wp:term":[{"taxonomy":"product_brand","embeddable":true,"href":"https:\/\/imprimeideas.es\/en\/wp-json\/wp\/v2\/product_brand?post=44922"},{"taxonomy":"product_cat","embeddable":true,"href":"https:\/\/imprimeideas.es\/en\/wp-json\/wp\/v2\/product_cat?post=44922"},{"taxonomy":"product_tag","embeddable":true,"href":"https:\/\/imprimeideas.es\/en\/wp-json\/wp\/v2\/product_tag?post=44922"}],"curies":[{"name":"wp","href":"https:\/\/api.w.org\/{rel}","templated":true}]}}