{"id":44920,"date":"2026-02-24T11:35:09","date_gmt":"2026-02-24T10:35:09","guid":{"rendered":"https:\/\/imprimeideas.es\/?post_type=product&p=44920"},"modified":"2026-02-26T18:13:48","modified_gmt":"2026-02-26T17:13:48","slug":"lampara-multifuncion-olan","status":"publish","type":"product","link":"https:\/\/imprimeideas.es\/en\/product\/lampara-multifuncion-olan\/","title":{"rendered":"L\u00e1mpara Multifunci\u00f3n Olan"},"content":{"rendered":"<p>L\u00e1mpara multifunci\u00f3n fabricada en ca\u00f1a de trigo. Incluye 12 LEDs de intensidad regulable, es plegable y ajustable en altura. Incluye soporte para dispositivos m\u00f3viles y tiene base antideslizante, con cable cargador Micro USB incluido. Disponible manual de instrucciones en espa\u00f1ol e ingl\u00e9s y presentada en caja de dise\u00f1o kraft.La ca\u00f1a de trigo fomenta la utilizaci\u00f3n de materias primas naturales, reduciendo as\u00ed las emisiones contaminantes.Fabricada conforme a los est\u00e1ndares RoHS y en cumplimiento con los siguientes requisitos de seguridad:Sistema de protecci\u00f3n contra sobrecalentamiento.Sistema de protecci\u00f3n contra sobrecarga.Sistema de bloqueo para evitar cortocircuitos.<\/p>","protected":false},"excerpt":{"rendered":"<p>12 Ledes. Altura Regulable. Intensidad de Luz Regulable. Bater\u00eda 1200 mAh<\/p>","protected":false},"featured_media":70215,"comment_status":"open","ping_status":"open","template":"","meta":{"inline_featured_image":false},"product_brand":[],"product_cat":[122,104,95],"product_tag":[],"class_list":{"0":"post-44920","1":"product","2":"type-product","3":"status-publish","4":"has-post-thumbnail","6":"product_cat-articulos-sostenibles","7":"product_cat-hogar-y-decoracion","8":"product_cat-tecnologia-y-accesorios","10":"first","11":"outofstock","12":"taxable","13":"shipping-taxable","14":"purchasable","15":"product-type-variable","16":"has-default-attributes"},"aioseo_notices":[],"_links":{"self":[{"href":"https:\/\/imprimeideas.es\/en\/wp-json\/wp\/v2\/product\/44920","targetHints":{"allow":["GET"]}}],"collection":[{"href":"https:\/\/imprimeideas.es\/en\/wp-json\/wp\/v2\/product"}],"about":[{"href":"https:\/\/imprimeideas.es\/en\/wp-json\/wp\/v2\/types\/product"}],"replies":[{"embeddable":true,"href":"https:\/\/imprimeideas.es\/en\/wp-json\/wp\/v2\/comments?post=44920"}],"version-history":[{"count":1,"href":"https:\/\/imprimeideas.es\/en\/wp-json\/wp\/v2\/product\/44920\/revisions"}],"predecessor-version":[{"id":55608,"href":"https:\/\/imprimeideas.es\/en\/wp-json\/wp\/v2\/product\/44920\/revisions\/55608"}],"wp:featuredmedia":[{"embeddable":true,"href":"https:\/\/imprimeideas.es\/en\/wp-json\/wp\/v2\/media\/70215"}],"wp:attachment":[{"href":"https:\/\/imprimeideas.es\/en\/wp-json\/wp\/v2\/media?parent=44920"}],"wp:term":[{"taxonomy":"product_brand","embeddable":true,"href":"https:\/\/imprimeideas.es\/en\/wp-json\/wp\/v2\/product_brand?post=44920"},{"taxonomy":"product_cat","embeddable":true,"href":"https:\/\/imprimeideas.es\/en\/wp-json\/wp\/v2\/product_cat?post=44920"},{"taxonomy":"product_tag","embeddable":true,"href":"https:\/\/imprimeideas.es\/en\/wp-json\/wp\/v2\/product_tag?post=44920"}],"curies":[{"name":"wp","href":"https:\/\/api.w.org\/{rel}","templated":true}]}}