{"id":44907,"date":"2026-02-24T11:35:08","date_gmt":"2026-02-24T10:35:08","guid":{"rendered":"https:\/\/imprimeideas.es\/?post_type=product&p=44907"},"modified":"2026-02-26T18:13:37","modified_gmt":"2026-02-26T17:13:37","slug":"power-bank-tornad","status":"publish","type":"product","link":"https:\/\/imprimeideas.es\/en\/product\/power-bank-tornad\/","title":{"rendered":"Power Bank Tornad"},"content":{"rendered":"<p>Bater\u00eda auxiliar externa de gran capacidad de carga -10.000 mAh- con cuerpo acabado en resistente aluminio. Con salidas USB y Tipo C dual para cargar tres dispositivos simult\u00e1neamente y 1 conexi\u00f3n para entrada Tipo C. LEDs indicadores de estado de carga, dise\u00f1o recto extraplano y amplia superficie de marcaje, especialmente recomendada para l\u00e1ser. Presentada en atractiva caja de dise\u00f1o kraft. Disponible manual de instrucciones en espa\u00f1ol e ingl\u00e9s.Las capacidades mostradas en todas nuestras bater\u00edas auxiliares externas son reales, incorporando todas ellas bater\u00edas de grado A y no recicladas, con una vida \u00fatil de al menos 500 ciclos de carga y seg\u00fan normativa CE. Adem\u00e1s, est\u00e1n fabricadas conforme a los est\u00e1ndares RoHS y en cumplimiento con los siguientes requisitos de seguridad:Sistema de protecci\u00f3n contra sobrecarga del power bank. Sistema de protecci\u00f3n contra descarga completa que proporciona una mayor durabilidad del power bank. Sistema de bloqueo para evitar cortocircuitos. Sistema de transferencia de carga constante, acorde con la capacidad del dispositivo de destino.10000 mAh. Salida USB. Entrada Micro USB<\/p>","protected":false},"excerpt":{"rendered":"<p>10000 mAh. 2 Salidas USB. 2 Salidas y 1 Entrada Tipo C<\/p>","protected":false},"featured_media":69764,"comment_status":"open","ping_status":"open","template":"","meta":{"inline_featured_image":false},"product_brand":[],"product_cat":[95],"product_tag":[],"class_list":{"0":"post-44907","1":"product","2":"type-product","3":"status-publish","4":"has-post-thumbnail","6":"product_cat-tecnologia-y-accesorios","8":"first","9":"instock","10":"taxable","11":"shipping-taxable","12":"purchasable","13":"product-type-variable","14":"has-default-attributes"},"aioseo_notices":[],"_links":{"self":[{"href":"https:\/\/imprimeideas.es\/en\/wp-json\/wp\/v2\/product\/44907","targetHints":{"allow":["GET"]}}],"collection":[{"href":"https:\/\/imprimeideas.es\/en\/wp-json\/wp\/v2\/product"}],"about":[{"href":"https:\/\/imprimeideas.es\/en\/wp-json\/wp\/v2\/types\/product"}],"replies":[{"embeddable":true,"href":"https:\/\/imprimeideas.es\/en\/wp-json\/wp\/v2\/comments?post=44907"}],"version-history":[{"count":1,"href":"https:\/\/imprimeideas.es\/en\/wp-json\/wp\/v2\/product\/44907\/revisions"}],"predecessor-version":[{"id":55603,"href":"https:\/\/imprimeideas.es\/en\/wp-json\/wp\/v2\/product\/44907\/revisions\/55603"}],"wp:featuredmedia":[{"embeddable":true,"href":"https:\/\/imprimeideas.es\/en\/wp-json\/wp\/v2\/media\/69764"}],"wp:attachment":[{"href":"https:\/\/imprimeideas.es\/en\/wp-json\/wp\/v2\/media?parent=44907"}],"wp:term":[{"taxonomy":"product_brand","embeddable":true,"href":"https:\/\/imprimeideas.es\/en\/wp-json\/wp\/v2\/product_brand?post=44907"},{"taxonomy":"product_cat","embeddable":true,"href":"https:\/\/imprimeideas.es\/en\/wp-json\/wp\/v2\/product_cat?post=44907"},{"taxonomy":"product_tag","embeddable":true,"href":"https:\/\/imprimeideas.es\/en\/wp-json\/wp\/v2\/product_tag?post=44907"}],"curies":[{"name":"wp","href":"https:\/\/api.w.org\/{rel}","templated":true}]}}