{"id":44899,"date":"2026-02-24T11:35:07","date_gmt":"2026-02-24T10:35:07","guid":{"rendered":"https:\/\/imprimeideas.es\/?post_type=product&p=44899"},"modified":"2026-02-26T18:19:22","modified_gmt":"2026-02-26T17:19:22","slug":"cable-cargador-zapa-rcs","status":"publish","type":"product","link":"https:\/\/imprimeideas.es\/en\/product\/cable-cargador-zapa-rcs\/","title":{"rendered":"Cable Cargador Zapa RCS"},"content":{"rendered":"<p>Cable cargador y sincronizador extensible, v\u00e1lido para cargar dispositivos y transferir datos. Fabricado en resistente RABS de color blanco. Pieza central con amplia zona de marcaje y mecanismo interior extensible. Incluidas conexiones de entrada y salida Tipo C. Presentado en bolsa individual de dise\u00f1o kraft.El RABS es un pl\u00e1stico altamente reciclable de gran resistencia y con multitud de aplicaciones que lo convierten en una soluci\u00f3n eco-friendly. Con certificaci\u00f3n RCS, que garantiza el origen reciclado del mismo.<\/p>","protected":false},"excerpt":{"rendered":"<p>Apto para transferir datos. Cable Extensible. Conexi\u00f3n Tipo C PD 65W<\/p>","protected":false},"featured_media":73403,"comment_status":"open","ping_status":"open","template":"","meta":{"inline_featured_image":false},"product_brand":[],"product_cat":[122,95],"product_tag":[],"class_list":{"0":"post-44899","1":"product","2":"type-product","3":"status-publish","4":"has-post-thumbnail","6":"product_cat-articulos-sostenibles","7":"product_cat-tecnologia-y-accesorios","9":"first","10":"instock","11":"taxable","12":"shipping-taxable","13":"purchasable","14":"product-type-variable","15":"has-default-attributes"},"aioseo_notices":[],"_links":{"self":[{"href":"https:\/\/imprimeideas.es\/en\/wp-json\/wp\/v2\/product\/44899","targetHints":{"allow":["GET"]}}],"collection":[{"href":"https:\/\/imprimeideas.es\/en\/wp-json\/wp\/v2\/product"}],"about":[{"href":"https:\/\/imprimeideas.es\/en\/wp-json\/wp\/v2\/types\/product"}],"replies":[{"embeddable":true,"href":"https:\/\/imprimeideas.es\/en\/wp-json\/wp\/v2\/comments?post=44899"}],"version-history":[{"count":1,"href":"https:\/\/imprimeideas.es\/en\/wp-json\/wp\/v2\/product\/44899\/revisions"}],"predecessor-version":[{"id":55600,"href":"https:\/\/imprimeideas.es\/en\/wp-json\/wp\/v2\/product\/44899\/revisions\/55600"}],"wp:featuredmedia":[{"embeddable":true,"href":"https:\/\/imprimeideas.es\/en\/wp-json\/wp\/v2\/media\/73403"}],"wp:attachment":[{"href":"https:\/\/imprimeideas.es\/en\/wp-json\/wp\/v2\/media?parent=44899"}],"wp:term":[{"taxonomy":"product_brand","embeddable":true,"href":"https:\/\/imprimeideas.es\/en\/wp-json\/wp\/v2\/product_brand?post=44899"},{"taxonomy":"product_cat","embeddable":true,"href":"https:\/\/imprimeideas.es\/en\/wp-json\/wp\/v2\/product_cat?post=44899"},{"taxonomy":"product_tag","embeddable":true,"href":"https:\/\/imprimeideas.es\/en\/wp-json\/wp\/v2\/product_tag?post=44899"}],"curies":[{"name":"wp","href":"https:\/\/api.w.org\/{rel}","templated":true}]}}