{"id":44897,"date":"2026-02-24T11:35:06","date_gmt":"2026-02-24T10:35:06","guid":{"rendered":"https:\/\/imprimeideas.es\/?post_type=product&p=44897"},"modified":"2026-02-26T18:28:08","modified_gmt":"2026-02-26T17:28:08","slug":"puerto-usb-nofler-rcs","status":"publish","type":"product","link":"https:\/\/imprimeideas.es\/en\/product\/puerto-usb-nofler-rcs\/","title":{"rendered":"Puerto USB Nofler RCS"},"content":{"rendered":"<p>Puerto USB 2.0 fabricado en resistente RABS de acabado en color blanco. Incluye puerto Tipo C y 2 puertos USB, con entrada dual USB\/Tipo C. De dise\u00f1o compacto y con ranura en la parte posterior del dispositivo para almacenar el cable. Presentado en caja individual de dise\u00f1o kraft.El RABS es un pl\u00e1stico altamente reciclable de gran resistencia y con multitud de aplicaciones que lo convierten en una soluci\u00f3n eco-friendly. Con certificaci\u00f3n RCS, que garantiza el origen reciclado del mismo.<\/p>","protected":false},"excerpt":{"rendered":"<p>1 Puerto Tipo C. 2 Puertos USB 2.0<\/p>","protected":false},"featured_media":75975,"comment_status":"open","ping_status":"open","template":"","meta":{"inline_featured_image":false},"product_brand":[],"product_cat":[122,95],"product_tag":[],"class_list":{"0":"post-44897","1":"product","2":"type-product","3":"status-publish","4":"has-post-thumbnail","6":"product_cat-articulos-sostenibles","7":"product_cat-tecnologia-y-accesorios","9":"first","10":"instock","11":"taxable","12":"shipping-taxable","13":"purchasable","14":"product-type-variable","15":"has-default-attributes"},"aioseo_notices":[],"_links":{"self":[{"href":"https:\/\/imprimeideas.es\/en\/wp-json\/wp\/v2\/product\/44897","targetHints":{"allow":["GET"]}}],"collection":[{"href":"https:\/\/imprimeideas.es\/en\/wp-json\/wp\/v2\/product"}],"about":[{"href":"https:\/\/imprimeideas.es\/en\/wp-json\/wp\/v2\/types\/product"}],"replies":[{"embeddable":true,"href":"https:\/\/imprimeideas.es\/en\/wp-json\/wp\/v2\/comments?post=44897"}],"version-history":[{"count":1,"href":"https:\/\/imprimeideas.es\/en\/wp-json\/wp\/v2\/product\/44897\/revisions"}],"predecessor-version":[{"id":55599,"href":"https:\/\/imprimeideas.es\/en\/wp-json\/wp\/v2\/product\/44897\/revisions\/55599"}],"wp:featuredmedia":[{"embeddable":true,"href":"https:\/\/imprimeideas.es\/en\/wp-json\/wp\/v2\/media\/75975"}],"wp:attachment":[{"href":"https:\/\/imprimeideas.es\/en\/wp-json\/wp\/v2\/media?parent=44897"}],"wp:term":[{"taxonomy":"product_brand","embeddable":true,"href":"https:\/\/imprimeideas.es\/en\/wp-json\/wp\/v2\/product_brand?post=44897"},{"taxonomy":"product_cat","embeddable":true,"href":"https:\/\/imprimeideas.es\/en\/wp-json\/wp\/v2\/product_cat?post=44897"},{"taxonomy":"product_tag","embeddable":true,"href":"https:\/\/imprimeideas.es\/en\/wp-json\/wp\/v2\/product_tag?post=44897"}],"curies":[{"name":"wp","href":"https:\/\/api.w.org\/{rel}","templated":true}]}}