{"id":44895,"date":"2026-02-24T11:35:06","date_gmt":"2026-02-24T10:35:06","guid":{"rendered":"https:\/\/imprimeideas.es\/?post_type=product&p=44895"},"modified":"2026-02-26T18:08:05","modified_gmt":"2026-02-26T17:08:05","slug":"cargador-tayil-rcs","status":"publish","type":"product","link":"https:\/\/imprimeideas.es\/en\/product\/cargador-tayil-rcs\/","title":{"rendered":"Cargador Tayil RCS"},"content":{"rendered":"<p>Cargador inal\u00e1mbrico 15W con funci\u00f3n soporte para smartphone fabricado en RABS. Indicador de estado de carga y compatible con dispositivos equipados con tecnolog\u00eda de carga inal\u00e1mbrica. Amplia superficie de marcaje y presentado en atractiva caja de dise\u00f1o kraft. Disponible manual de instrucciones en espa\u00f1ol e ingl\u00e9s.El RABS es un pl\u00e1stico altamente reciclable de gran resistencia y con multitud de aplicaciones que lo convierten en una soluci\u00f3n eco-friendly. Con certificaci\u00f3n RCS, que garantiza el origen reciclado del mismo.Fabricado conforme a los est\u00e1ndares RoHS y en cumplimiento con los siguientes requisitos de seguridad:Sistema de protecci\u00f3n contra sobrecalentamiento.Sistema de protecci\u00f3n contra sobrecarga.Sistema de bloqueo para evitar cortocircuitos.<\/p>","protected":false},"excerpt":{"rendered":"<p>Inal\u00e1mbrico 15W<\/p>","protected":false},"featured_media":86223,"comment_status":"open","ping_status":"open","template":"","meta":{"inline_featured_image":false},"product_brand":[],"product_cat":[122,95],"product_tag":[],"class_list":{"0":"post-44895","1":"product","2":"type-product","3":"status-publish","4":"has-post-thumbnail","6":"product_cat-articulos-sostenibles","7":"product_cat-tecnologia-y-accesorios","9":"first","10":"instock","11":"taxable","12":"shipping-taxable","13":"purchasable","14":"product-type-variable","15":"has-default-attributes"},"aioseo_notices":[],"_links":{"self":[{"href":"https:\/\/imprimeideas.es\/en\/wp-json\/wp\/v2\/product\/44895","targetHints":{"allow":["GET"]}}],"collection":[{"href":"https:\/\/imprimeideas.es\/en\/wp-json\/wp\/v2\/product"}],"about":[{"href":"https:\/\/imprimeideas.es\/en\/wp-json\/wp\/v2\/types\/product"}],"replies":[{"embeddable":true,"href":"https:\/\/imprimeideas.es\/en\/wp-json\/wp\/v2\/comments?post=44895"}],"version-history":[{"count":1,"href":"https:\/\/imprimeideas.es\/en\/wp-json\/wp\/v2\/product\/44895\/revisions"}],"predecessor-version":[{"id":55598,"href":"https:\/\/imprimeideas.es\/en\/wp-json\/wp\/v2\/product\/44895\/revisions\/55598"}],"wp:featuredmedia":[{"embeddable":true,"href":"https:\/\/imprimeideas.es\/en\/wp-json\/wp\/v2\/media\/86223"}],"wp:attachment":[{"href":"https:\/\/imprimeideas.es\/en\/wp-json\/wp\/v2\/media?parent=44895"}],"wp:term":[{"taxonomy":"product_brand","embeddable":true,"href":"https:\/\/imprimeideas.es\/en\/wp-json\/wp\/v2\/product_brand?post=44895"},{"taxonomy":"product_cat","embeddable":true,"href":"https:\/\/imprimeideas.es\/en\/wp-json\/wp\/v2\/product_cat?post=44895"},{"taxonomy":"product_tag","embeddable":true,"href":"https:\/\/imprimeideas.es\/en\/wp-json\/wp\/v2\/product_tag?post=44895"}],"curies":[{"name":"wp","href":"https:\/\/api.w.org\/{rel}","templated":true}]}}