{"id":44889,"date":"2026-02-24T11:35:06","date_gmt":"2026-02-24T10:35:06","guid":{"rendered":"https:\/\/imprimeideas.es\/?post_type=product&p=44889"},"modified":"2026-02-26T18:19:20","modified_gmt":"2026-02-26T17:19:20","slug":"power-bank-nawey-rcs","status":"publish","type":"product","link":"https:\/\/imprimeideas.es\/en\/product\/power-bank-nawey-rcs\/","title":{"rendered":"Power Bank Nawey RCS"},"content":{"rendered":"<p>Bater\u00eda auxiliar externa de tama\u00f1o ultra compacto, fabricada en RABS y con 5.000 mAh de capacidad de carga. Incluye salida USB dual para carga simult\u00e1nea de 2 dispositivos, entrada Micro USB -cable incluido-, y conexi\u00f3n Tipo C de entrada y salida. Con indicador de estado de carga y presentada en atractiva caja de dise\u00f1o eco. Con amplia superficie de marcaje y manual de instrucciones disponible en espa\u00f1ol e ingl\u00e9s.El RABS es un pl\u00e1stico altamente reciclable de gran resistencia y con multitud de aplicaciones que lo convierten en una soluci\u00f3n eco-friendly. Con certificaci\u00f3n RCS, que garantiza el origen reciclado del mismo.Las capacidades mostradas en todas nuestras bater\u00edas auxiliares externas son reales, incorporando todas ellas bater\u00edas de grado A y no recicladas, con una vida \u00fatil de al menos 500 ciclos de carga y seg\u00fan normativa CE. Adem\u00e1s, est\u00e1n fabricadas conforme a los est\u00e1ndares RoHS y en cumplimiento con los siguientes requisitos de seguridad:Sistema de protecci\u00f3n contra sobrecarga del power bank. Sistema de protecci\u00f3n contra descarga completa que proporciona una mayor durabilidad del power bank. Sistema de bloqueo para evitar cortocircuitos. Sistema de transferencia de carga constante, acorde con la capacidad del dispositivo de destino.4000 mAh. Salida USB. Entrada Micro USB<\/p>","protected":false},"excerpt":{"rendered":"<p>5000 mAh. 2 Salidas USB. Entrada Micro USB. Salida y Entrada Tipo C<\/p>","protected":false},"featured_media":82295,"comment_status":"open","ping_status":"open","template":"","meta":{"inline_featured_image":false},"product_brand":[],"product_cat":[122,95],"product_tag":[],"class_list":{"0":"post-44889","1":"product","2":"type-product","3":"status-publish","4":"has-post-thumbnail","6":"product_cat-articulos-sostenibles","7":"product_cat-tecnologia-y-accesorios","9":"first","10":"instock","11":"taxable","12":"shipping-taxable","13":"purchasable","14":"product-type-variable","15":"has-default-attributes"},"aioseo_notices":[],"_links":{"self":[{"href":"https:\/\/imprimeideas.es\/en\/wp-json\/wp\/v2\/product\/44889","targetHints":{"allow":["GET"]}}],"collection":[{"href":"https:\/\/imprimeideas.es\/en\/wp-json\/wp\/v2\/product"}],"about":[{"href":"https:\/\/imprimeideas.es\/en\/wp-json\/wp\/v2\/types\/product"}],"replies":[{"embeddable":true,"href":"https:\/\/imprimeideas.es\/en\/wp-json\/wp\/v2\/comments?post=44889"}],"version-history":[{"count":1,"href":"https:\/\/imprimeideas.es\/en\/wp-json\/wp\/v2\/product\/44889\/revisions"}],"predecessor-version":[{"id":55596,"href":"https:\/\/imprimeideas.es\/en\/wp-json\/wp\/v2\/product\/44889\/revisions\/55596"}],"wp:featuredmedia":[{"embeddable":true,"href":"https:\/\/imprimeideas.es\/en\/wp-json\/wp\/v2\/media\/82295"}],"wp:attachment":[{"href":"https:\/\/imprimeideas.es\/en\/wp-json\/wp\/v2\/media?parent=44889"}],"wp:term":[{"taxonomy":"product_brand","embeddable":true,"href":"https:\/\/imprimeideas.es\/en\/wp-json\/wp\/v2\/product_brand?post=44889"},{"taxonomy":"product_cat","embeddable":true,"href":"https:\/\/imprimeideas.es\/en\/wp-json\/wp\/v2\/product_cat?post=44889"},{"taxonomy":"product_tag","embeddable":true,"href":"https:\/\/imprimeideas.es\/en\/wp-json\/wp\/v2\/product_tag?post=44889"}],"curies":[{"name":"wp","href":"https:\/\/api.w.org\/{rel}","templated":true}]}}