{"id":44884,"date":"2026-02-24T11:35:05","date_gmt":"2026-02-24T10:35:05","guid":{"rendered":"https:\/\/imprimeideas.es\/?post_type=product&p=44884"},"modified":"2026-02-26T18:19:41","modified_gmt":"2026-02-26T17:19:41","slug":"bloc-notas-cargador-dalou","status":"publish","type":"product","link":"https:\/\/imprimeideas.es\/en\/product\/bloc-notas-cargador-dalou\/","title":{"rendered":"Bloc Notas Cargador Dalou"},"content":{"rendered":"<p>Bloc de notas cargador tama\u00f1o A5 y fabricado en resistente poli\u00e9ster 300D RPET. Portada con detalle en bamb\u00fa y cargador inal\u00e1mbrico de 15W integrado, compatible con smartphones con tecnolog\u00eda de carga inal\u00e1mbrica. Incluido cable de carga Tipo C y disponible manual de instrucciones en espa\u00f1ol e ingl\u00e9s. Con 80 hojas interiores de disposici\u00f3n a una raya y presentado en bolsa de papel reciclado. El material RPET se elabora a partir de pl\u00e1stico reciclado, para as\u00ed fomentar la reutilizaci\u00f3n de residuos pl\u00e1sticos y ayudar a la sostenibilidad del planeta.Materiales como el bamb\u00fa fomentan la utilizaci\u00f3n de materias primas naturales, reduciendo las emisiones contaminantes. Proviene de una planta de gran resistencia y versatilidad, con crecimiento y regeneraci\u00f3n r\u00e1pidos, siendo una excelente alternativa al uso de madera tradicional.Fabricado conforme a los est\u00e1ndares RoHS y en cumplimiento con los siguientes requisitos de seguridad: Sistema de protecci\u00f3n contra sobrecalentamiento. Sistema de protecci\u00f3n contra sobrecarga. Sistema de bloqueo para evitar cortocircuitos.<\/p>","protected":false},"excerpt":{"rendered":"<p>Inal\u00e1mbrico 15W. Portada R\u00edgida. 80 Hojas<\/p>","protected":false},"featured_media":73984,"comment_status":"open","ping_status":"open","template":"","meta":{"inline_featured_image":false},"product_brand":[],"product_cat":[122,96,95],"product_tag":[],"class_list":{"0":"post-44884","1":"product","2":"type-product","3":"status-publish","4":"has-post-thumbnail","6":"product_cat-articulos-sostenibles","7":"product_cat-oficina-y-negocios","8":"product_cat-tecnologia-y-accesorios","10":"first","11":"instock","12":"taxable","13":"shipping-taxable","14":"purchasable","15":"product-type-variable","16":"has-default-attributes"},"aioseo_notices":[],"_links":{"self":[{"href":"https:\/\/imprimeideas.es\/en\/wp-json\/wp\/v2\/product\/44884","targetHints":{"allow":["GET"]}}],"collection":[{"href":"https:\/\/imprimeideas.es\/en\/wp-json\/wp\/v2\/product"}],"about":[{"href":"https:\/\/imprimeideas.es\/en\/wp-json\/wp\/v2\/types\/product"}],"replies":[{"embeddable":true,"href":"https:\/\/imprimeideas.es\/en\/wp-json\/wp\/v2\/comments?post=44884"}],"version-history":[{"count":1,"href":"https:\/\/imprimeideas.es\/en\/wp-json\/wp\/v2\/product\/44884\/revisions"}],"predecessor-version":[{"id":55594,"href":"https:\/\/imprimeideas.es\/en\/wp-json\/wp\/v2\/product\/44884\/revisions\/55594"}],"wp:featuredmedia":[{"embeddable":true,"href":"https:\/\/imprimeideas.es\/en\/wp-json\/wp\/v2\/media\/73984"}],"wp:attachment":[{"href":"https:\/\/imprimeideas.es\/en\/wp-json\/wp\/v2\/media?parent=44884"}],"wp:term":[{"taxonomy":"product_brand","embeddable":true,"href":"https:\/\/imprimeideas.es\/en\/wp-json\/wp\/v2\/product_brand?post=44884"},{"taxonomy":"product_cat","embeddable":true,"href":"https:\/\/imprimeideas.es\/en\/wp-json\/wp\/v2\/product_cat?post=44884"},{"taxonomy":"product_tag","embeddable":true,"href":"https:\/\/imprimeideas.es\/en\/wp-json\/wp\/v2\/product_tag?post=44884"}],"curies":[{"name":"wp","href":"https:\/\/api.w.org\/{rel}","templated":true}]}}