{"id":44872,"date":"2026-02-24T11:35:04","date_gmt":"2026-02-24T10:35:04","guid":{"rendered":"https:\/\/imprimeideas.es\/?post_type=product&p=44872"},"modified":"2026-02-26T18:08:24","modified_gmt":"2026-02-26T17:08:24","slug":"power-bank-godimer","status":"publish","type":"product","link":"https:\/\/imprimeideas.es\/en\/product\/power-bank-godimer\/","title":{"rendered":"Power Bank Godimer"},"content":{"rendered":"<p>Bater\u00eda auxiliar externa fabricada en bamb\u00fa, con capacidad de carga de 2.200 mAh. F\u00e1cil de transportar gracias a su reducido tama\u00f1o, con salida y entrada USB y Tipo C. Especialmente dise\u00f1ada para marcaje en l\u00e1ser. Incluye cable Micro USB y se presenta en una atractiva caja de dise\u00f1o. Disponible manual de instrucciones en espa\u00f1ol e ingl\u00e9s.Materiales como el bamb\u00fa fomentan la utilizaci\u00f3n de materias primas naturales, reduciendo las emisiones contaminantes. Proviene de una planta de gran resistencia y versatilidad, con crecimiento y regeneraci\u00f3n r\u00e1pidos, siendo una excelente alternativa al uso de madera tradicional.Las capacidades mostradas en todas nuestras bater\u00edas auxiliares externas son reales, incorporando todas ellas bater\u00edas de grado A y no recicladas, con una vida \u00fatil de al menos 500 ciclos de carga y seg\u00fan normativa CE. Adem\u00e1s, est\u00e1n fabricadas conforme a los est\u00e1ndares RoHS y en cumplimiento con los siguientes requisitos de seguridad:Sistema de protecci\u00f3n contra sobrecarga del power bank. Sistema de protecci\u00f3n contra descarga completa que proporciona una mayor durabilidad del power bank. Sistema de bloqueo para evitar cortocircuitos. Sistema de transferencia de carga constante, acorde con la capacidad del dispositivo de destino.4000 mAh. Salida USB. Entrada Micro USB<\/p>","protected":false},"excerpt":{"rendered":"<p>2200 mAh. Salida USB. Salida y Entrada Tipo C<\/p>","protected":false},"featured_media":83175,"comment_status":"open","ping_status":"open","template":"","meta":{"inline_featured_image":false},"product_brand":[],"product_cat":[122,95],"product_tag":[],"class_list":{"0":"post-44872","1":"product","2":"type-product","3":"status-publish","4":"has-post-thumbnail","6":"product_cat-articulos-sostenibles","7":"product_cat-tecnologia-y-accesorios","9":"first","10":"instock","11":"taxable","12":"shipping-taxable","13":"purchasable","14":"product-type-variable","15":"has-default-attributes"},"aioseo_notices":[],"_links":{"self":[{"href":"https:\/\/imprimeideas.es\/en\/wp-json\/wp\/v2\/product\/44872","targetHints":{"allow":["GET"]}}],"collection":[{"href":"https:\/\/imprimeideas.es\/en\/wp-json\/wp\/v2\/product"}],"about":[{"href":"https:\/\/imprimeideas.es\/en\/wp-json\/wp\/v2\/types\/product"}],"replies":[{"embeddable":true,"href":"https:\/\/imprimeideas.es\/en\/wp-json\/wp\/v2\/comments?post=44872"}],"version-history":[{"count":1,"href":"https:\/\/imprimeideas.es\/en\/wp-json\/wp\/v2\/product\/44872\/revisions"}],"predecessor-version":[{"id":55591,"href":"https:\/\/imprimeideas.es\/en\/wp-json\/wp\/v2\/product\/44872\/revisions\/55591"}],"wp:featuredmedia":[{"embeddable":true,"href":"https:\/\/imprimeideas.es\/en\/wp-json\/wp\/v2\/media\/83175"}],"wp:attachment":[{"href":"https:\/\/imprimeideas.es\/en\/wp-json\/wp\/v2\/media?parent=44872"}],"wp:term":[{"taxonomy":"product_brand","embeddable":true,"href":"https:\/\/imprimeideas.es\/en\/wp-json\/wp\/v2\/product_brand?post=44872"},{"taxonomy":"product_cat","embeddable":true,"href":"https:\/\/imprimeideas.es\/en\/wp-json\/wp\/v2\/product_cat?post=44872"},{"taxonomy":"product_tag","embeddable":true,"href":"https:\/\/imprimeideas.es\/en\/wp-json\/wp\/v2\/product_tag?post=44872"}],"curies":[{"name":"wp","href":"https:\/\/api.w.org\/{rel}","templated":true}]}}