{"id":44812,"date":"2026-02-24T11:34:42","date_gmt":"2026-02-24T10:34:42","guid":{"rendered":"https:\/\/imprimeideas.es\/?post_type=product&p=44812"},"modified":"2026-02-26T18:08:22","modified_gmt":"2026-02-26T17:08:22","slug":"gorra-oconor","status":"publish","type":"product","link":"https:\/\/imprimeideas.es\/en\/product\/gorra-oconor\/","title":{"rendered":"Gorra Oconor"},"content":{"rendered":"<p>Gorra de 6 paneles en poli\u00e9ster RPET. Ajustable por el cierre de velcro y disponible en variada gama de colores. Etiqueta distintiva de RPET. El material RPET se elabora a partir de pl\u00e1stico reciclado, para as\u00ed fomentar la reutilizaci\u00f3n de residuos pl\u00e1sticos y ayudar a la sostenibilidad del planeta.<\/p>","protected":false},"excerpt":{"rendered":"<p>6 Paneles. Cierre Velcro<\/p>","protected":false},"featured_media":78437,"comment_status":"open","ping_status":"open","template":"","meta":{"inline_featured_image":false},"product_brand":[],"product_cat":[122,112],"product_tag":[],"class_list":{"0":"post-44812","1":"product","2":"type-product","3":"status-publish","4":"has-post-thumbnail","6":"product_cat-articulos-sostenibles","7":"product_cat-gorras-y-sombreros","9":"first","10":"instock","11":"taxable","12":"shipping-taxable","13":"purchasable","14":"product-type-variable","15":"has-default-attributes"},"aioseo_notices":[],"_links":{"self":[{"href":"https:\/\/imprimeideas.es\/en\/wp-json\/wp\/v2\/product\/44812","targetHints":{"allow":["GET"]}}],"collection":[{"href":"https:\/\/imprimeideas.es\/en\/wp-json\/wp\/v2\/product"}],"about":[{"href":"https:\/\/imprimeideas.es\/en\/wp-json\/wp\/v2\/types\/product"}],"replies":[{"embeddable":true,"href":"https:\/\/imprimeideas.es\/en\/wp-json\/wp\/v2\/comments?post=44812"}],"version-history":[{"count":1,"href":"https:\/\/imprimeideas.es\/en\/wp-json\/wp\/v2\/product\/44812\/revisions"}],"predecessor-version":[{"id":55583,"href":"https:\/\/imprimeideas.es\/en\/wp-json\/wp\/v2\/product\/44812\/revisions\/55583"}],"wp:featuredmedia":[{"embeddable":true,"href":"https:\/\/imprimeideas.es\/en\/wp-json\/wp\/v2\/media\/78437"}],"wp:attachment":[{"href":"https:\/\/imprimeideas.es\/en\/wp-json\/wp\/v2\/media?parent=44812"}],"wp:term":[{"taxonomy":"product_brand","embeddable":true,"href":"https:\/\/imprimeideas.es\/en\/wp-json\/wp\/v2\/product_brand?post=44812"},{"taxonomy":"product_cat","embeddable":true,"href":"https:\/\/imprimeideas.es\/en\/wp-json\/wp\/v2\/product_cat?post=44812"},{"taxonomy":"product_tag","embeddable":true,"href":"https:\/\/imprimeideas.es\/en\/wp-json\/wp\/v2\/product_tag?post=44812"}],"curies":[{"name":"wp","href":"https:\/\/api.w.org\/{rel}","templated":true}]}}