{"id":44738,"date":"2026-02-24T11:34:34","date_gmt":"2026-02-24T10:34:34","guid":{"rendered":"https:\/\/imprimeideas.es\/?post_type=product&p=44738"},"modified":"2026-02-26T18:28:06","modified_gmt":"2026-02-26T17:28:06","slug":"bandeja-meltem","status":"publish","type":"product","link":"https:\/\/imprimeideas.es\/en\/product\/bandeja-meltem\/","title":{"rendered":"Bandeja Meltem"},"content":{"rendered":"<p>Bandeja fabricada en bamb\u00fa. De dise\u00f1o ecol\u00f3gico, fabricada en suave bamb\u00fa natural para llevar bebidas c\u00f3modamente gracias a sus asas troqueladas en los bordes. Presentado en una caja de dise\u00f1o kraft. Materiales como el bamb\u00fa fomentan la utilizaci\u00f3n de materias primas naturales, reduciendo las emisiones contaminantes. Proviene de una planta de gran resistencia y versatilidad, con crecimiento y regeneraci\u00f3n r\u00e1pidos, siendo una excelente alternativa al uso de madera tradicional.<\/p>","protected":false},"excerpt":{"rendered":"<p>Bandeja fabricada en bamb\u00fa. De dise\u00f1o ecol\u00f3gico, fabricada en suave bamb\u00fa natural para llevar bebidas c\u00f3modamente gracias a sus asas<\/p>","protected":false},"featured_media":79165,"comment_status":"open","ping_status":"open","template":"","meta":{"inline_featured_image":false},"product_brand":[],"product_cat":[122,104,105],"product_tag":[],"class_list":{"0":"post-44738","1":"product","2":"type-product","3":"status-publish","4":"has-post-thumbnail","6":"product_cat-articulos-sostenibles","7":"product_cat-hogar-y-decoracion","8":"product_cat-vino-accesorios-de-bebida-y-hosteleria","10":"first","11":"instock","12":"taxable","13":"shipping-taxable","14":"purchasable","15":"product-type-variable","16":"has-default-attributes"},"aioseo_notices":[],"_links":{"self":[{"href":"https:\/\/imprimeideas.es\/en\/wp-json\/wp\/v2\/product\/44738","targetHints":{"allow":["GET"]}}],"collection":[{"href":"https:\/\/imprimeideas.es\/en\/wp-json\/wp\/v2\/product"}],"about":[{"href":"https:\/\/imprimeideas.es\/en\/wp-json\/wp\/v2\/types\/product"}],"replies":[{"embeddable":true,"href":"https:\/\/imprimeideas.es\/en\/wp-json\/wp\/v2\/comments?post=44738"}],"version-history":[{"count":1,"href":"https:\/\/imprimeideas.es\/en\/wp-json\/wp\/v2\/product\/44738\/revisions"}],"predecessor-version":[{"id":55567,"href":"https:\/\/imprimeideas.es\/en\/wp-json\/wp\/v2\/product\/44738\/revisions\/55567"}],"wp:featuredmedia":[{"embeddable":true,"href":"https:\/\/imprimeideas.es\/en\/wp-json\/wp\/v2\/media\/79165"}],"wp:attachment":[{"href":"https:\/\/imprimeideas.es\/en\/wp-json\/wp\/v2\/media?parent=44738"}],"wp:term":[{"taxonomy":"product_brand","embeddable":true,"href":"https:\/\/imprimeideas.es\/en\/wp-json\/wp\/v2\/product_brand?post=44738"},{"taxonomy":"product_cat","embeddable":true,"href":"https:\/\/imprimeideas.es\/en\/wp-json\/wp\/v2\/product_cat?post=44738"},{"taxonomy":"product_tag","embeddable":true,"href":"https:\/\/imprimeideas.es\/en\/wp-json\/wp\/v2\/product_tag?post=44738"}],"curies":[{"name":"wp","href":"https:\/\/api.w.org\/{rel}","templated":true}]}}