{"id":44725,"date":"2026-02-24T11:34:32","date_gmt":"2026-02-24T10:34:32","guid":{"rendered":"https:\/\/imprimeideas.es\/?post_type=product&p=44725"},"modified":"2026-02-26T18:19:32","modified_gmt":"2026-02-26T17:19:32","slug":"pizarra-leward","status":"publish","type":"product","link":"https:\/\/imprimeideas.es\/en\/product\/pizarra-leward\/","title":{"rendered":"Pizarra Leward"},"content":{"rendered":"<p>Vers\u00e1til pizarra fabricada en madera. Dise\u00f1ada para adaptarse a cualquier entorno y f\u00e1cil de transportar gracias a su forma plegable. Amplia superficie para la escritura en ambas caras, con un tama\u00f1o total de 106 cm de alto y 59 cm de ancho. Presentada en caja de dise\u00f1o kraft.<\/p>","protected":false},"excerpt":{"rendered":"<p>Vers\u00e1til pizarra fabricada en madera. Dise\u00f1ada para adaptarse a cualquier entorno y f\u00e1cil de transportar gracias a su forma plegable.<\/p>","protected":false},"featured_media":82193,"comment_status":"open","ping_status":"open","template":"","meta":{"inline_featured_image":false},"product_brand":[],"product_cat":[122,105],"product_tag":[],"class_list":{"0":"post-44725","1":"product","2":"type-product","3":"status-publish","4":"has-post-thumbnail","6":"product_cat-articulos-sostenibles","7":"product_cat-vino-accesorios-de-bebida-y-hosteleria","9":"first","10":"instock","11":"taxable","12":"shipping-taxable","13":"purchasable","14":"product-type-variable","15":"has-default-attributes"},"aioseo_notices":[],"_links":{"self":[{"href":"https:\/\/imprimeideas.es\/en\/wp-json\/wp\/v2\/product\/44725","targetHints":{"allow":["GET"]}}],"collection":[{"href":"https:\/\/imprimeideas.es\/en\/wp-json\/wp\/v2\/product"}],"about":[{"href":"https:\/\/imprimeideas.es\/en\/wp-json\/wp\/v2\/types\/product"}],"replies":[{"embeddable":true,"href":"https:\/\/imprimeideas.es\/en\/wp-json\/wp\/v2\/comments?post=44725"}],"version-history":[{"count":1,"href":"https:\/\/imprimeideas.es\/en\/wp-json\/wp\/v2\/product\/44725\/revisions"}],"predecessor-version":[{"id":55561,"href":"https:\/\/imprimeideas.es\/en\/wp-json\/wp\/v2\/product\/44725\/revisions\/55561"}],"wp:featuredmedia":[{"embeddable":true,"href":"https:\/\/imprimeideas.es\/en\/wp-json\/wp\/v2\/media\/82193"}],"wp:attachment":[{"href":"https:\/\/imprimeideas.es\/en\/wp-json\/wp\/v2\/media?parent=44725"}],"wp:term":[{"taxonomy":"product_brand","embeddable":true,"href":"https:\/\/imprimeideas.es\/en\/wp-json\/wp\/v2\/product_brand?post=44725"},{"taxonomy":"product_cat","embeddable":true,"href":"https:\/\/imprimeideas.es\/en\/wp-json\/wp\/v2\/product_cat?post=44725"},{"taxonomy":"product_tag","embeddable":true,"href":"https:\/\/imprimeideas.es\/en\/wp-json\/wp\/v2\/product_tag?post=44725"}],"curies":[{"name":"wp","href":"https:\/\/api.w.org\/{rel}","templated":true}]}}