{"id":44721,"date":"2026-02-24T11:34:32","date_gmt":"2026-02-24T10:34:32","guid":{"rendered":"https:\/\/imprimeideas.es\/?post_type=product&p=44721"},"modified":"2026-02-26T18:08:23","modified_gmt":"2026-02-26T17:08:23","slug":"abridor-cesaris","status":"publish","type":"product","link":"https:\/\/imprimeideas.es\/en\/product\/abridor-cesaris\/","title":{"rendered":"Abridor Cesaris"},"content":{"rendered":"<p>Original abridor de botellas en madera. Dise\u00f1o ecol\u00f3gico fabricado en suave madera natural con pesta\u00f1a met\u00e1lica para una sujeci\u00f3n firme de la chapa, con pr\u00e1ctico cord\u00f3n para engancharlo c\u00f3modamente. Presentado en una caja de dise\u00f1o kraft.<\/p>","protected":false},"excerpt":{"rendered":"<p>Original abridor de botellas en madera. Dise\u00f1o ecol\u00f3gico fabricado en suave madera natural con pesta\u00f1a met\u00e1lica para una sujeci\u00f3n firme<\/p>","protected":false},"featured_media":81001,"comment_status":"open","ping_status":"open","template":"","meta":{"inline_featured_image":false},"product_brand":[],"product_cat":[122,104,105],"product_tag":[],"class_list":{"0":"post-44721","1":"product","2":"type-product","3":"status-publish","4":"has-post-thumbnail","6":"product_cat-articulos-sostenibles","7":"product_cat-hogar-y-decoracion","8":"product_cat-vino-accesorios-de-bebida-y-hosteleria","10":"first","11":"instock","12":"taxable","13":"shipping-taxable","14":"purchasable","15":"product-type-variable","16":"has-default-attributes"},"aioseo_notices":[],"_links":{"self":[{"href":"https:\/\/imprimeideas.es\/en\/wp-json\/wp\/v2\/product\/44721","targetHints":{"allow":["GET"]}}],"collection":[{"href":"https:\/\/imprimeideas.es\/en\/wp-json\/wp\/v2\/product"}],"about":[{"href":"https:\/\/imprimeideas.es\/en\/wp-json\/wp\/v2\/types\/product"}],"replies":[{"embeddable":true,"href":"https:\/\/imprimeideas.es\/en\/wp-json\/wp\/v2\/comments?post=44721"}],"version-history":[{"count":1,"href":"https:\/\/imprimeideas.es\/en\/wp-json\/wp\/v2\/product\/44721\/revisions"}],"predecessor-version":[{"id":55559,"href":"https:\/\/imprimeideas.es\/en\/wp-json\/wp\/v2\/product\/44721\/revisions\/55559"}],"wp:featuredmedia":[{"embeddable":true,"href":"https:\/\/imprimeideas.es\/en\/wp-json\/wp\/v2\/media\/81001"}],"wp:attachment":[{"href":"https:\/\/imprimeideas.es\/en\/wp-json\/wp\/v2\/media?parent=44721"}],"wp:term":[{"taxonomy":"product_brand","embeddable":true,"href":"https:\/\/imprimeideas.es\/en\/wp-json\/wp\/v2\/product_brand?post=44721"},{"taxonomy":"product_cat","embeddable":true,"href":"https:\/\/imprimeideas.es\/en\/wp-json\/wp\/v2\/product_cat?post=44721"},{"taxonomy":"product_tag","embeddable":true,"href":"https:\/\/imprimeideas.es\/en\/wp-json\/wp\/v2\/product_tag?post=44721"}],"curies":[{"name":"wp","href":"https:\/\/api.w.org\/{rel}","templated":true}]}}