{"id":44712,"date":"2026-02-24T11:34:31","date_gmt":"2026-02-24T10:34:31","guid":{"rendered":"https:\/\/imprimeideas.es\/?post_type=product&p=44712"},"modified":"2026-02-26T18:23:23","modified_gmt":"2026-02-26T17:23:23","slug":"cubo-yuzux","status":"publish","type":"product","link":"https:\/\/imprimeideas.es\/en\/product\/cubo-yuzux\/","title":{"rendered":"Cubo Yuzux"},"content":{"rendered":"<p>Fant\u00e1stico cubo met\u00e1lico de 6l de capacidad para conservar bebidas fr\u00edas. Fusi\u00f3n perfecta entre estilo y utilidad por sus abridores fijos en los extremos y una gran capacidad. De dise\u00f1o robusto, con asas de cuerda para f\u00e1cil transporte.<\/p>","protected":false},"excerpt":{"rendered":"<p>6 L. Abridor Incluido<\/p>","protected":false},"featured_media":74770,"comment_status":"open","ping_status":"open","template":"","meta":{"inline_featured_image":false},"product_brand":[],"product_cat":[104,105],"product_tag":[],"class_list":{"0":"post-44712","1":"product","2":"type-product","3":"status-publish","4":"has-post-thumbnail","6":"product_cat-hogar-y-decoracion","7":"product_cat-vino-accesorios-de-bebida-y-hosteleria","9":"first","10":"instock","11":"taxable","12":"shipping-taxable","13":"purchasable","14":"product-type-variable","15":"has-default-attributes"},"aioseo_notices":[],"_links":{"self":[{"href":"https:\/\/imprimeideas.es\/en\/wp-json\/wp\/v2\/product\/44712","targetHints":{"allow":["GET"]}}],"collection":[{"href":"https:\/\/imprimeideas.es\/en\/wp-json\/wp\/v2\/product"}],"about":[{"href":"https:\/\/imprimeideas.es\/en\/wp-json\/wp\/v2\/types\/product"}],"replies":[{"embeddable":true,"href":"https:\/\/imprimeideas.es\/en\/wp-json\/wp\/v2\/comments?post=44712"}],"version-history":[{"count":1,"href":"https:\/\/imprimeideas.es\/en\/wp-json\/wp\/v2\/product\/44712\/revisions"}],"predecessor-version":[{"id":55555,"href":"https:\/\/imprimeideas.es\/en\/wp-json\/wp\/v2\/product\/44712\/revisions\/55555"}],"wp:featuredmedia":[{"embeddable":true,"href":"https:\/\/imprimeideas.es\/en\/wp-json\/wp\/v2\/media\/74770"}],"wp:attachment":[{"href":"https:\/\/imprimeideas.es\/en\/wp-json\/wp\/v2\/media?parent=44712"}],"wp:term":[{"taxonomy":"product_brand","embeddable":true,"href":"https:\/\/imprimeideas.es\/en\/wp-json\/wp\/v2\/product_brand?post=44712"},{"taxonomy":"product_cat","embeddable":true,"href":"https:\/\/imprimeideas.es\/en\/wp-json\/wp\/v2\/product_cat?post=44712"},{"taxonomy":"product_tag","embeddable":true,"href":"https:\/\/imprimeideas.es\/en\/wp-json\/wp\/v2\/product_tag?post=44712"}],"curies":[{"name":"wp","href":"https:\/\/api.w.org\/{rel}","templated":true}]}}