{"id":44704,"date":"2026-02-24T11:34:30","date_gmt":"2026-02-24T10:34:30","guid":{"rendered":"https:\/\/imprimeideas.es\/?post_type=product&p=44704"},"modified":"2026-02-26T18:08:22","modified_gmt":"2026-02-26T17:08:22","slug":"set-coctel-cefiro","status":"publish","type":"product","link":"https:\/\/imprimeideas.es\/en\/product\/set-coctel-cefiro\/","title":{"rendered":"Set C\u00f3ctel Cefiro"},"content":{"rendered":"<p>Elegante set de coctel. Conjunto de coctelera en acero inox de 550 ml para preparar las mejores mezclas de bebidas. Adem\u00e1s, contiene 2 copas de cristal de 150 ml cada una y de elegante dise\u00f1o triangular, para una presentaci\u00f3n exquisita. Presentado en caja negra.<\/p>","protected":false},"excerpt":{"rendered":"<p>Coctelera Acero Inox 550 ml. 2 Copas Cristal 150 ml<\/p>","protected":false},"featured_media":73955,"comment_status":"open","ping_status":"open","template":"","meta":{"inline_featured_image":false},"product_brand":[],"product_cat":[105],"product_tag":[],"class_list":{"0":"post-44704","1":"product","2":"type-product","3":"status-publish","4":"has-post-thumbnail","6":"product_cat-vino-accesorios-de-bebida-y-hosteleria","8":"first","9":"instock","10":"taxable","11":"shipping-taxable","12":"purchasable","13":"product-type-variable","14":"has-default-attributes"},"aioseo_notices":[],"_links":{"self":[{"href":"https:\/\/imprimeideas.es\/en\/wp-json\/wp\/v2\/product\/44704","targetHints":{"allow":["GET"]}}],"collection":[{"href":"https:\/\/imprimeideas.es\/en\/wp-json\/wp\/v2\/product"}],"about":[{"href":"https:\/\/imprimeideas.es\/en\/wp-json\/wp\/v2\/types\/product"}],"replies":[{"embeddable":true,"href":"https:\/\/imprimeideas.es\/en\/wp-json\/wp\/v2\/comments?post=44704"}],"version-history":[{"count":1,"href":"https:\/\/imprimeideas.es\/en\/wp-json\/wp\/v2\/product\/44704\/revisions"}],"predecessor-version":[{"id":55551,"href":"https:\/\/imprimeideas.es\/en\/wp-json\/wp\/v2\/product\/44704\/revisions\/55551"}],"wp:featuredmedia":[{"embeddable":true,"href":"https:\/\/imprimeideas.es\/en\/wp-json\/wp\/v2\/media\/73955"}],"wp:attachment":[{"href":"https:\/\/imprimeideas.es\/en\/wp-json\/wp\/v2\/media?parent=44704"}],"wp:term":[{"taxonomy":"product_brand","embeddable":true,"href":"https:\/\/imprimeideas.es\/en\/wp-json\/wp\/v2\/product_brand?post=44704"},{"taxonomy":"product_cat","embeddable":true,"href":"https:\/\/imprimeideas.es\/en\/wp-json\/wp\/v2\/product_cat?post=44704"},{"taxonomy":"product_tag","embeddable":true,"href":"https:\/\/imprimeideas.es\/en\/wp-json\/wp\/v2\/product_tag?post=44704"}],"curies":[{"name":"wp","href":"https:\/\/api.w.org\/{rel}","templated":true}]}}