{"id":44695,"date":"2026-02-24T11:34:29","date_gmt":"2026-02-24T10:34:29","guid":{"rendered":"https:\/\/imprimeideas.es\/?post_type=product&p=44695"},"modified":"2026-02-26T18:23:16","modified_gmt":"2026-02-26T17:23:16","slug":"agitador-pajita-noro","status":"publish","type":"product","link":"https:\/\/imprimeideas.es\/en\/product\/agitador-pajita-noro\/","title":{"rendered":"Agitador Pajita Noro"},"content":{"rendered":"<p>Pr\u00e1ctico agitador con pajita en acero inox. Con dise\u00f1o elegante y funcional, este accesorio es esencial para bebidas fr\u00edas o calientes. Pajita integrada que permite absorber con facilidad y en el extremo inferior una pr\u00e1ctica cucharilla. Presentado en una bolsa individual.<\/p>","protected":false},"excerpt":{"rendered":"<p>Pr\u00e1ctico agitador con pajita en acero inox. Con dise\u00f1o elegante y funcional, este accesorio es esencial para bebidas fr\u00edas o<\/p>","protected":false},"featured_media":69272,"comment_status":"open","ping_status":"open","template":"","meta":{"inline_featured_image":false},"product_brand":[],"product_cat":[105],"product_tag":[],"class_list":{"0":"post-44695","1":"product","2":"type-product","3":"status-publish","4":"has-post-thumbnail","6":"product_cat-vino-accesorios-de-bebida-y-hosteleria","8":"first","9":"instock","10":"taxable","11":"shipping-taxable","12":"purchasable","13":"product-type-variable","14":"has-default-attributes"},"aioseo_notices":[],"_links":{"self":[{"href":"https:\/\/imprimeideas.es\/en\/wp-json\/wp\/v2\/product\/44695","targetHints":{"allow":["GET"]}}],"collection":[{"href":"https:\/\/imprimeideas.es\/en\/wp-json\/wp\/v2\/product"}],"about":[{"href":"https:\/\/imprimeideas.es\/en\/wp-json\/wp\/v2\/types\/product"}],"replies":[{"embeddable":true,"href":"https:\/\/imprimeideas.es\/en\/wp-json\/wp\/v2\/comments?post=44695"}],"version-history":[{"count":1,"href":"https:\/\/imprimeideas.es\/en\/wp-json\/wp\/v2\/product\/44695\/revisions"}],"predecessor-version":[{"id":55547,"href":"https:\/\/imprimeideas.es\/en\/wp-json\/wp\/v2\/product\/44695\/revisions\/55547"}],"wp:featuredmedia":[{"embeddable":true,"href":"https:\/\/imprimeideas.es\/en\/wp-json\/wp\/v2\/media\/69272"}],"wp:attachment":[{"href":"https:\/\/imprimeideas.es\/en\/wp-json\/wp\/v2\/media?parent=44695"}],"wp:term":[{"taxonomy":"product_brand","embeddable":true,"href":"https:\/\/imprimeideas.es\/en\/wp-json\/wp\/v2\/product_brand?post=44695"},{"taxonomy":"product_cat","embeddable":true,"href":"https:\/\/imprimeideas.es\/en\/wp-json\/wp\/v2\/product_cat?post=44695"},{"taxonomy":"product_tag","embeddable":true,"href":"https:\/\/imprimeideas.es\/en\/wp-json\/wp\/v2\/product_tag?post=44695"}],"curies":[{"name":"wp","href":"https:\/\/api.w.org\/{rel}","templated":true}]}}