{"id":44685,"date":"2026-02-24T11:34:28","date_gmt":"2026-02-24T10:34:28","guid":{"rendered":"https:\/\/imprimeideas.es\/?post_type=product&p=44685"},"modified":"2026-02-26T18:42:39","modified_gmt":"2026-02-26T17:42:39","slug":"enfriador-boreas","status":"publish","type":"product","link":"https:\/\/imprimeideas.es\/en\/product\/enfriador-boreas\/","title":{"rendered":"Enfriador Boreas"},"content":{"rendered":"<p>Enfriador de botellas de pr\u00e1ctico dise\u00f1o. Adaptable a cualquier tipo de botella mediante su banda el\u00e1stica negra que va desde la parte superior a la inferior. Es perfecto para meter en el congelador y mantener la temperatura de la botella durante m\u00e1s tiempo. Disponible en variada gama de colores y presentado en una bolsa de papel reciclada.<\/p>","protected":false},"excerpt":{"rendered":"<p>Ajustable<\/p>","protected":false},"featured_media":74429,"comment_status":"open","ping_status":"open","template":"","meta":{"inline_featured_image":false},"product_brand":[],"product_cat":[105],"product_tag":[],"class_list":{"0":"post-44685","1":"product","2":"type-product","3":"status-publish","4":"has-post-thumbnail","6":"product_cat-vino-accesorios-de-bebida-y-hosteleria","8":"first","9":"instock","10":"taxable","11":"shipping-taxable","12":"purchasable","13":"product-type-variable","14":"has-default-attributes"},"aioseo_notices":[],"_links":{"self":[{"href":"https:\/\/imprimeideas.es\/en\/wp-json\/wp\/v2\/product\/44685","targetHints":{"allow":["GET"]}}],"collection":[{"href":"https:\/\/imprimeideas.es\/en\/wp-json\/wp\/v2\/product"}],"about":[{"href":"https:\/\/imprimeideas.es\/en\/wp-json\/wp\/v2\/types\/product"}],"replies":[{"embeddable":true,"href":"https:\/\/imprimeideas.es\/en\/wp-json\/wp\/v2\/comments?post=44685"}],"version-history":[{"count":1,"href":"https:\/\/imprimeideas.es\/en\/wp-json\/wp\/v2\/product\/44685\/revisions"}],"predecessor-version":[{"id":55544,"href":"https:\/\/imprimeideas.es\/en\/wp-json\/wp\/v2\/product\/44685\/revisions\/55544"}],"wp:featuredmedia":[{"embeddable":true,"href":"https:\/\/imprimeideas.es\/en\/wp-json\/wp\/v2\/media\/74429"}],"wp:attachment":[{"href":"https:\/\/imprimeideas.es\/en\/wp-json\/wp\/v2\/media?parent=44685"}],"wp:term":[{"taxonomy":"product_brand","embeddable":true,"href":"https:\/\/imprimeideas.es\/en\/wp-json\/wp\/v2\/product_brand?post=44685"},{"taxonomy":"product_cat","embeddable":true,"href":"https:\/\/imprimeideas.es\/en\/wp-json\/wp\/v2\/product_cat?post=44685"},{"taxonomy":"product_tag","embeddable":true,"href":"https:\/\/imprimeideas.es\/en\/wp-json\/wp\/v2\/product_tag?post=44685"}],"curies":[{"name":"wp","href":"https:\/\/api.w.org\/{rel}","templated":true}]}}