{"id":44683,"date":"2026-02-24T11:34:28","date_gmt":"2026-02-24T10:34:28","guid":{"rendered":"https:\/\/imprimeideas.es\/?post_type=product&p=44683"},"modified":"2026-02-26T18:28:05","modified_gmt":"2026-02-26T17:28:05","slug":"enfriador-gibli","status":"publish","type":"product","link":"https:\/\/imprimeideas.es\/en\/product\/enfriador-gibli\/","title":{"rendered":"Enfriador Gibli"},"content":{"rendered":"<p>Elegante enfriador de 1 l de capacidad, fabricado en acero inox con recubrimiento de cobre galvanizado. Con original dise\u00f1o en acabado brillo, es un perfecto accesorio para presentar con estilo las bebidas fr\u00edas. Presentado en una exclusiva caja individual de dise\u00f1o negra.<\/p>","protected":false},"excerpt":{"rendered":"<p>Elegante enfriador de 1 l de capacidad, fabricado en acero inox con recubrimiento de cobre galvanizado. Con original dise\u00f1o en<\/p>","protected":false},"featured_media":85651,"comment_status":"open","ping_status":"open","template":"","meta":{"inline_featured_image":false},"product_brand":[],"product_cat":[105],"product_tag":[],"class_list":{"0":"post-44683","1":"product","2":"type-product","3":"status-publish","4":"has-post-thumbnail","6":"product_cat-vino-accesorios-de-bebida-y-hosteleria","8":"first","9":"instock","10":"taxable","11":"shipping-taxable","12":"purchasable","13":"product-type-variable","14":"has-default-attributes"},"aioseo_notices":[],"_links":{"self":[{"href":"https:\/\/imprimeideas.es\/en\/wp-json\/wp\/v2\/product\/44683","targetHints":{"allow":["GET"]}}],"collection":[{"href":"https:\/\/imprimeideas.es\/en\/wp-json\/wp\/v2\/product"}],"about":[{"href":"https:\/\/imprimeideas.es\/en\/wp-json\/wp\/v2\/types\/product"}],"replies":[{"embeddable":true,"href":"https:\/\/imprimeideas.es\/en\/wp-json\/wp\/v2\/comments?post=44683"}],"version-history":[{"count":1,"href":"https:\/\/imprimeideas.es\/en\/wp-json\/wp\/v2\/product\/44683\/revisions"}],"predecessor-version":[{"id":55543,"href":"https:\/\/imprimeideas.es\/en\/wp-json\/wp\/v2\/product\/44683\/revisions\/55543"}],"wp:featuredmedia":[{"embeddable":true,"href":"https:\/\/imprimeideas.es\/en\/wp-json\/wp\/v2\/media\/85651"}],"wp:attachment":[{"href":"https:\/\/imprimeideas.es\/en\/wp-json\/wp\/v2\/media?parent=44683"}],"wp:term":[{"taxonomy":"product_brand","embeddable":true,"href":"https:\/\/imprimeideas.es\/en\/wp-json\/wp\/v2\/product_brand?post=44683"},{"taxonomy":"product_cat","embeddable":true,"href":"https:\/\/imprimeideas.es\/en\/wp-json\/wp\/v2\/product_cat?post=44683"},{"taxonomy":"product_tag","embeddable":true,"href":"https:\/\/imprimeideas.es\/en\/wp-json\/wp\/v2\/product_tag?post=44683"}],"curies":[{"name":"wp","href":"https:\/\/api.w.org\/{rel}","templated":true}]}}