{"id":44678,"date":"2026-02-24T11:34:27","date_gmt":"2026-02-24T10:34:27","guid":{"rendered":"https:\/\/imprimeideas.es\/?post_type=product&p=44678"},"modified":"2026-02-26T18:32:52","modified_gmt":"2026-02-26T17:32:52","slug":"set-vinos-magnar","status":"publish","type":"product","link":"https:\/\/imprimeideas.es\/en\/product\/set-vinos-magnar\/","title":{"rendered":"Set Vinos Magnar"},"content":{"rendered":"<p>Pr\u00e1ctico set de vinos con 4 accesorios. Contiene un sacacorchos el\u00e9ctrico alimentado por 4 pilas AAA (no incluidas), decantador, tap\u00f3n para botellas y cortac\u00e1psulas, con mecanismo a presi\u00f3n. Incluye, una elegante base negra para tener los accesorios ordenados. Presentado en caja de dise\u00f1o kraft.<\/p>","protected":false},"excerpt":{"rendered":"<p>4 Accesorios<\/p>","protected":false},"featured_media":62590,"comment_status":"open","ping_status":"open","template":"","meta":{"inline_featured_image":false},"product_brand":[],"product_cat":[105],"product_tag":[],"class_list":{"0":"post-44678","1":"product","2":"type-product","3":"status-publish","4":"has-post-thumbnail","6":"product_cat-vino-accesorios-de-bebida-y-hosteleria","8":"first","9":"instock","10":"taxable","11":"shipping-taxable","12":"purchasable","13":"product-type-variable","14":"has-default-attributes"},"aioseo_notices":[],"_links":{"self":[{"href":"https:\/\/imprimeideas.es\/en\/wp-json\/wp\/v2\/product\/44678","targetHints":{"allow":["GET"]}}],"collection":[{"href":"https:\/\/imprimeideas.es\/en\/wp-json\/wp\/v2\/product"}],"about":[{"href":"https:\/\/imprimeideas.es\/en\/wp-json\/wp\/v2\/types\/product"}],"replies":[{"embeddable":true,"href":"https:\/\/imprimeideas.es\/en\/wp-json\/wp\/v2\/comments?post=44678"}],"version-history":[{"count":1,"href":"https:\/\/imprimeideas.es\/en\/wp-json\/wp\/v2\/product\/44678\/revisions"}],"predecessor-version":[{"id":55541,"href":"https:\/\/imprimeideas.es\/en\/wp-json\/wp\/v2\/product\/44678\/revisions\/55541"}],"wp:featuredmedia":[{"embeddable":true,"href":"https:\/\/imprimeideas.es\/en\/wp-json\/wp\/v2\/media\/62590"}],"wp:attachment":[{"href":"https:\/\/imprimeideas.es\/en\/wp-json\/wp\/v2\/media?parent=44678"}],"wp:term":[{"taxonomy":"product_brand","embeddable":true,"href":"https:\/\/imprimeideas.es\/en\/wp-json\/wp\/v2\/product_brand?post=44678"},{"taxonomy":"product_cat","embeddable":true,"href":"https:\/\/imprimeideas.es\/en\/wp-json\/wp\/v2\/product_cat?post=44678"},{"taxonomy":"product_tag","embeddable":true,"href":"https:\/\/imprimeideas.es\/en\/wp-json\/wp\/v2\/product_tag?post=44678"}],"curies":[{"name":"wp","href":"https:\/\/api.w.org\/{rel}","templated":true}]}}