{"id":44672,"date":"2026-02-24T11:34:27","date_gmt":"2026-02-24T10:34:27","guid":{"rendered":"https:\/\/imprimeideas.es\/?post_type=product&p=44672"},"modified":"2026-02-26T18:37:33","modified_gmt":"2026-02-26T17:37:33","slug":"set-vinos-albion","status":"publish","type":"product","link":"https:\/\/imprimeideas.es\/en\/product\/set-vinos-albion\/","title":{"rendered":"Set Vinos Albion"},"content":{"rendered":"<p>Set de vinos de elegante dise\u00f1o circular acabado en polipiel, con accesorios de acero inox. Incluye sacacorchos de 2 tiempos con cortac\u00e1psulas y abridor; tap\u00f3n, dosificador y recogegotas. Presentado en estuche individual de polipiel con interior en suave espuma troquelada de color negro.<\/p>","protected":false},"excerpt":{"rendered":"<p>4 Accesorios<\/p>","protected":false},"featured_media":85382,"comment_status":"open","ping_status":"open","template":"","meta":{"inline_featured_image":false},"product_brand":[],"product_cat":[105],"product_tag":[],"class_list":{"0":"post-44672","1":"product","2":"type-product","3":"status-publish","4":"has-post-thumbnail","6":"product_cat-vino-accesorios-de-bebida-y-hosteleria","8":"first","9":"outofstock","10":"taxable","11":"shipping-taxable","12":"purchasable","13":"product-type-variable","14":"has-default-attributes"},"aioseo_notices":[],"_links":{"self":[{"href":"https:\/\/imprimeideas.es\/en\/wp-json\/wp\/v2\/product\/44672","targetHints":{"allow":["GET"]}}],"collection":[{"href":"https:\/\/imprimeideas.es\/en\/wp-json\/wp\/v2\/product"}],"about":[{"href":"https:\/\/imprimeideas.es\/en\/wp-json\/wp\/v2\/types\/product"}],"replies":[{"embeddable":true,"href":"https:\/\/imprimeideas.es\/en\/wp-json\/wp\/v2\/comments?post=44672"}],"version-history":[{"count":1,"href":"https:\/\/imprimeideas.es\/en\/wp-json\/wp\/v2\/product\/44672\/revisions"}],"predecessor-version":[{"id":55538,"href":"https:\/\/imprimeideas.es\/en\/wp-json\/wp\/v2\/product\/44672\/revisions\/55538"}],"wp:featuredmedia":[{"embeddable":true,"href":"https:\/\/imprimeideas.es\/en\/wp-json\/wp\/v2\/media\/85382"}],"wp:attachment":[{"href":"https:\/\/imprimeideas.es\/en\/wp-json\/wp\/v2\/media?parent=44672"}],"wp:term":[{"taxonomy":"product_brand","embeddable":true,"href":"https:\/\/imprimeideas.es\/en\/wp-json\/wp\/v2\/product_brand?post=44672"},{"taxonomy":"product_cat","embeddable":true,"href":"https:\/\/imprimeideas.es\/en\/wp-json\/wp\/v2\/product_cat?post=44672"},{"taxonomy":"product_tag","embeddable":true,"href":"https:\/\/imprimeideas.es\/en\/wp-json\/wp\/v2\/product_tag?post=44672"}],"curies":[{"name":"wp","href":"https:\/\/api.w.org\/{rel}","templated":true}]}}