{"id":44669,"date":"2026-02-24T11:34:26","date_gmt":"2026-02-24T10:34:26","guid":{"rendered":"https:\/\/imprimeideas.es\/?post_type=product&p=44669"},"modified":"2026-02-26T18:19:17","modified_gmt":"2026-02-26T17:19:17","slug":"set-vinos-darini","status":"publish","type":"product","link":"https:\/\/imprimeideas.es\/en\/product\/set-vinos-darini\/","title":{"rendered":"Set Vinos Darini"},"content":{"rendered":"<p>Set de vinos presentado en un dise\u00f1o inspirado en botella de vino y tallado en bamb\u00fa, con accesorios en acero inox. Incluye sacacorchos de 2 tiempos con cortac\u00e1psulas y abridor; tap\u00f3n, dosificador y recogegotas. Presentado en estuche individual de bamb\u00fa con interior troquelado.<\/p>","protected":false},"excerpt":{"rendered":"<p>4 Accesorios<\/p>","protected":false},"featured_media":68789,"comment_status":"open","ping_status":"open","template":"","meta":{"inline_featured_image":false},"product_brand":[],"product_cat":[122,105],"product_tag":[],"class_list":{"0":"post-44669","1":"product","2":"type-product","3":"status-publish","4":"has-post-thumbnail","6":"product_cat-articulos-sostenibles","7":"product_cat-vino-accesorios-de-bebida-y-hosteleria","9":"first","10":"instock","11":"taxable","12":"shipping-taxable","13":"purchasable","14":"product-type-variable","15":"has-default-attributes"},"aioseo_notices":[],"_links":{"self":[{"href":"https:\/\/imprimeideas.es\/en\/wp-json\/wp\/v2\/product\/44669","targetHints":{"allow":["GET"]}}],"collection":[{"href":"https:\/\/imprimeideas.es\/en\/wp-json\/wp\/v2\/product"}],"about":[{"href":"https:\/\/imprimeideas.es\/en\/wp-json\/wp\/v2\/types\/product"}],"replies":[{"embeddable":true,"href":"https:\/\/imprimeideas.es\/en\/wp-json\/wp\/v2\/comments?post=44669"}],"version-history":[{"count":1,"href":"https:\/\/imprimeideas.es\/en\/wp-json\/wp\/v2\/product\/44669\/revisions"}],"predecessor-version":[{"id":55537,"href":"https:\/\/imprimeideas.es\/en\/wp-json\/wp\/v2\/product\/44669\/revisions\/55537"}],"wp:featuredmedia":[{"embeddable":true,"href":"https:\/\/imprimeideas.es\/en\/wp-json\/wp\/v2\/media\/68789"}],"wp:attachment":[{"href":"https:\/\/imprimeideas.es\/en\/wp-json\/wp\/v2\/media?parent=44669"}],"wp:term":[{"taxonomy":"product_brand","embeddable":true,"href":"https:\/\/imprimeideas.es\/en\/wp-json\/wp\/v2\/product_brand?post=44669"},{"taxonomy":"product_cat","embeddable":true,"href":"https:\/\/imprimeideas.es\/en\/wp-json\/wp\/v2\/product_cat?post=44669"},{"taxonomy":"product_tag","embeddable":true,"href":"https:\/\/imprimeideas.es\/en\/wp-json\/wp\/v2\/product_tag?post=44669"}],"curies":[{"name":"wp","href":"https:\/\/api.w.org\/{rel}","templated":true}]}}