{"id":44576,"date":"2026-02-24T11:34:16","date_gmt":"2026-02-24T10:34:16","guid":{"rendered":"https:\/\/imprimeideas.es\/?post_type=product&p=44576"},"modified":"2026-02-26T18:13:43","modified_gmt":"2026-02-26T17:13:43","slug":"ventilador-vaporizador-bluco","status":"publish","type":"product","link":"https:\/\/imprimeideas.es\/en\/product\/ventilador-vaporizador-bluco\/","title":{"rendered":"Ventilador Vaporizador Bluco"},"content":{"rendered":"<p>Ventilador vaporizador de 35 ml de capacidad. Presento con cuerpo transl\u00facido y aspas de EVA. Se alimenta con 1 pilas AA (no incluidas). Disponible en colores variados, con un pr\u00e1ctico mosquet\u00f3n a juego. Presentado individualmente en caja.<\/p>","protected":false},"excerpt":{"rendered":"<p>35 ml. 1 Pila AA No Incluida<\/p>","protected":false},"featured_media":75186,"comment_status":"open","ping_status":"open","template":"","meta":{"inline_featured_image":false},"product_brand":[],"product_cat":[113,114],"product_tag":[],"class_list":{"0":"post-44576","1":"product","2":"type-product","3":"status-publish","4":"has-post-thumbnail","6":"product_cat-eventos-y-fiesta","7":"product_cat-verano-y-playa","9":"first","10":"instock","11":"taxable","12":"shipping-taxable","13":"purchasable","14":"product-type-variable","15":"has-default-attributes"},"aioseo_notices":[],"_links":{"self":[{"href":"https:\/\/imprimeideas.es\/en\/wp-json\/wp\/v2\/product\/44576","targetHints":{"allow":["GET"]}}],"collection":[{"href":"https:\/\/imprimeideas.es\/en\/wp-json\/wp\/v2\/product"}],"about":[{"href":"https:\/\/imprimeideas.es\/en\/wp-json\/wp\/v2\/types\/product"}],"replies":[{"embeddable":true,"href":"https:\/\/imprimeideas.es\/en\/wp-json\/wp\/v2\/comments?post=44576"}],"version-history":[{"count":1,"href":"https:\/\/imprimeideas.es\/en\/wp-json\/wp\/v2\/product\/44576\/revisions"}],"predecessor-version":[{"id":55520,"href":"https:\/\/imprimeideas.es\/en\/wp-json\/wp\/v2\/product\/44576\/revisions\/55520"}],"wp:featuredmedia":[{"embeddable":true,"href":"https:\/\/imprimeideas.es\/en\/wp-json\/wp\/v2\/media\/75186"}],"wp:attachment":[{"href":"https:\/\/imprimeideas.es\/en\/wp-json\/wp\/v2\/media?parent=44576"}],"wp:term":[{"taxonomy":"product_brand","embeddable":true,"href":"https:\/\/imprimeideas.es\/en\/wp-json\/wp\/v2\/product_brand?post=44576"},{"taxonomy":"product_cat","embeddable":true,"href":"https:\/\/imprimeideas.es\/en\/wp-json\/wp\/v2\/product_cat?post=44576"},{"taxonomy":"product_tag","embeddable":true,"href":"https:\/\/imprimeideas.es\/en\/wp-json\/wp\/v2\/product_tag?post=44576"}],"curies":[{"name":"wp","href":"https:\/\/api.w.org\/{rel}","templated":true}]}}