{"id":44572,"date":"2026-02-24T11:34:16","date_gmt":"2026-02-24T10:34:16","guid":{"rendered":"https:\/\/imprimeideas.es\/?post_type=product&p=44572"},"modified":"2026-02-26T18:28:02","modified_gmt":"2026-02-26T17:28:02","slug":"ventilador-benard","status":"publish","type":"product","link":"https:\/\/imprimeideas.es\/en\/product\/ventilador-benard\/","title":{"rendered":"Ventilador Benard"},"content":{"rendered":"<p>Ventilador port\u00e1til fabricado en resistente ABS. Este pr\u00e1ctico dispositivo cuenta con tres velocidades, con un lanyard para un uso c\u00f3modo. Se alimenta mediante una bater\u00eda de 400 mAh, compatible con conexiones USB , y presenta indicadores de luz para conocer el nivel de carga de la bater\u00eda. Presentado individualmente en caja de dise\u00f1o kraft.<\/p>","protected":false},"excerpt":{"rendered":"<p>Plegable. 3 Posiciones. Bater\u00eda 400 mAh<\/p>","protected":false},"featured_media":74112,"comment_status":"open","ping_status":"open","template":"","meta":{"inline_featured_image":false},"product_brand":[],"product_cat":[96,95,114],"product_tag":[],"class_list":{"0":"post-44572","1":"product","2":"type-product","3":"status-publish","4":"has-post-thumbnail","6":"product_cat-oficina-y-negocios","7":"product_cat-tecnologia-y-accesorios","8":"product_cat-verano-y-playa","10":"first","11":"instock","12":"taxable","13":"shipping-taxable","14":"purchasable","15":"product-type-variable","16":"has-default-attributes"},"aioseo_notices":[],"_links":{"self":[{"href":"https:\/\/imprimeideas.es\/en\/wp-json\/wp\/v2\/product\/44572","targetHints":{"allow":["GET"]}}],"collection":[{"href":"https:\/\/imprimeideas.es\/en\/wp-json\/wp\/v2\/product"}],"about":[{"href":"https:\/\/imprimeideas.es\/en\/wp-json\/wp\/v2\/types\/product"}],"replies":[{"embeddable":true,"href":"https:\/\/imprimeideas.es\/en\/wp-json\/wp\/v2\/comments?post=44572"}],"version-history":[{"count":1,"href":"https:\/\/imprimeideas.es\/en\/wp-json\/wp\/v2\/product\/44572\/revisions"}],"predecessor-version":[{"id":55518,"href":"https:\/\/imprimeideas.es\/en\/wp-json\/wp\/v2\/product\/44572\/revisions\/55518"}],"wp:featuredmedia":[{"embeddable":true,"href":"https:\/\/imprimeideas.es\/en\/wp-json\/wp\/v2\/media\/74112"}],"wp:attachment":[{"href":"https:\/\/imprimeideas.es\/en\/wp-json\/wp\/v2\/media?parent=44572"}],"wp:term":[{"taxonomy":"product_brand","embeddable":true,"href":"https:\/\/imprimeideas.es\/en\/wp-json\/wp\/v2\/product_brand?post=44572"},{"taxonomy":"product_cat","embeddable":true,"href":"https:\/\/imprimeideas.es\/en\/wp-json\/wp\/v2\/product_cat?post=44572"},{"taxonomy":"product_tag","embeddable":true,"href":"https:\/\/imprimeideas.es\/en\/wp-json\/wp\/v2\/product_tag?post=44572"}],"curies":[{"name":"wp","href":"https:\/\/api.w.org\/{rel}","templated":true}]}}