{"id":44559,"date":"2026-02-24T11:34:15","date_gmt":"2026-02-24T10:34:15","guid":{"rendered":"https:\/\/imprimeideas.es\/?post_type=product&p=44559"},"modified":"2026-02-26T18:08:12","modified_gmt":"2026-02-26T17:08:12","slug":"abanico-sayiri","status":"publish","type":"product","link":"https:\/\/imprimeideas.es\/en\/product\/abanico-sayiri\/","title":{"rendered":"Abanico Sayiri"},"content":{"rendered":"<p>Abanico fabricado con varillas de madera y tela en algod\u00f3n en combinaci\u00f3n con el poli\u00e9ster. De color natural y presentado en caja individual dise\u00f1o kraft.<\/p>","protected":false},"excerpt":{"rendered":"<p>Abanico fabricado con varillas de madera y tela en algod\u00f3n en combinaci\u00f3n con el poli\u00e9ster. De color natural y presentado<\/p>","protected":false},"featured_media":83722,"comment_status":"open","ping_status":"open","template":"","meta":{"inline_featured_image":false},"product_brand":[],"product_cat":[122,114],"product_tag":[],"class_list":{"0":"post-44559","1":"product","2":"type-product","3":"status-publish","4":"has-post-thumbnail","6":"product_cat-articulos-sostenibles","7":"product_cat-verano-y-playa","9":"first","10":"outofstock","11":"taxable","12":"shipping-taxable","13":"purchasable","14":"product-type-variable","15":"has-default-attributes"},"aioseo_notices":[],"_links":{"self":[{"href":"https:\/\/imprimeideas.es\/en\/wp-json\/wp\/v2\/product\/44559","targetHints":{"allow":["GET"]}}],"collection":[{"href":"https:\/\/imprimeideas.es\/en\/wp-json\/wp\/v2\/product"}],"about":[{"href":"https:\/\/imprimeideas.es\/en\/wp-json\/wp\/v2\/types\/product"}],"replies":[{"embeddable":true,"href":"https:\/\/imprimeideas.es\/en\/wp-json\/wp\/v2\/comments?post=44559"}],"version-history":[{"count":1,"href":"https:\/\/imprimeideas.es\/en\/wp-json\/wp\/v2\/product\/44559\/revisions"}],"predecessor-version":[{"id":55514,"href":"https:\/\/imprimeideas.es\/en\/wp-json\/wp\/v2\/product\/44559\/revisions\/55514"}],"wp:featuredmedia":[{"embeddable":true,"href":"https:\/\/imprimeideas.es\/en\/wp-json\/wp\/v2\/media\/83722"}],"wp:attachment":[{"href":"https:\/\/imprimeideas.es\/en\/wp-json\/wp\/v2\/media?parent=44559"}],"wp:term":[{"taxonomy":"product_brand","embeddable":true,"href":"https:\/\/imprimeideas.es\/en\/wp-json\/wp\/v2\/product_brand?post=44559"},{"taxonomy":"product_cat","embeddable":true,"href":"https:\/\/imprimeideas.es\/en\/wp-json\/wp\/v2\/product_cat?post=44559"},{"taxonomy":"product_tag","embeddable":true,"href":"https:\/\/imprimeideas.es\/en\/wp-json\/wp\/v2\/product_tag?post=44559"}],"curies":[{"name":"wp","href":"https:\/\/api.w.org\/{rel}","templated":true}]}}