{"id":44471,"date":"2026-02-24T11:34:05","date_gmt":"2026-02-24T10:34:05","guid":{"rendered":"https:\/\/imprimeideas.es\/?post_type=product&p=44471"},"modified":"2026-02-26T18:37:38","modified_gmt":"2026-02-26T17:37:38","slug":"lanyard-soporte-kesey","status":"publish","type":"product","link":"https:\/\/imprimeideas.es\/en\/product\/lanyard-soporte-kesey\/","title":{"rendered":"Lanyard Soporte Kesey"},"content":{"rendered":"<p>Pr\u00e1ctico lanyard fabricado en resistente silicona. Incluye un accesorio para el m\u00f3vil a juego, reforzado en las esquinas y con un soporte desplegable en la parte posterior. Con mosquet\u00f3n met\u00e1lico giratorio y disponible en variada gama de colores.<\/p>","protected":false},"excerpt":{"rendered":"<p>Pr\u00e1ctico lanyard fabricado en resistente silicona. Incluye un accesorio para el m\u00f3vil a juego, reforzado en las esquinas y con<\/p>","protected":false},"featured_media":69104,"comment_status":"open","ping_status":"open","template":"","meta":{"inline_featured_image":false},"product_brand":[],"product_cat":[95],"product_tag":[],"class_list":{"0":"post-44471","1":"product","2":"type-product","3":"status-publish","4":"has-post-thumbnail","6":"product_cat-tecnologia-y-accesorios","8":"first","9":"instock","10":"taxable","11":"shipping-taxable","12":"purchasable","13":"product-type-variable","14":"has-default-attributes"},"aioseo_notices":[],"_links":{"self":[{"href":"https:\/\/imprimeideas.es\/en\/wp-json\/wp\/v2\/product\/44471","targetHints":{"allow":["GET"]}}],"collection":[{"href":"https:\/\/imprimeideas.es\/en\/wp-json\/wp\/v2\/product"}],"about":[{"href":"https:\/\/imprimeideas.es\/en\/wp-json\/wp\/v2\/types\/product"}],"replies":[{"embeddable":true,"href":"https:\/\/imprimeideas.es\/en\/wp-json\/wp\/v2\/comments?post=44471"}],"version-history":[{"count":1,"href":"https:\/\/imprimeideas.es\/en\/wp-json\/wp\/v2\/product\/44471\/revisions"}],"predecessor-version":[{"id":55499,"href":"https:\/\/imprimeideas.es\/en\/wp-json\/wp\/v2\/product\/44471\/revisions\/55499"}],"wp:featuredmedia":[{"embeddable":true,"href":"https:\/\/imprimeideas.es\/en\/wp-json\/wp\/v2\/media\/69104"}],"wp:attachment":[{"href":"https:\/\/imprimeideas.es\/en\/wp-json\/wp\/v2\/media?parent=44471"}],"wp:term":[{"taxonomy":"product_brand","embeddable":true,"href":"https:\/\/imprimeideas.es\/en\/wp-json\/wp\/v2\/product_brand?post=44471"},{"taxonomy":"product_cat","embeddable":true,"href":"https:\/\/imprimeideas.es\/en\/wp-json\/wp\/v2\/product_cat?post=44471"},{"taxonomy":"product_tag","embeddable":true,"href":"https:\/\/imprimeideas.es\/en\/wp-json\/wp\/v2\/product_tag?post=44471"}],"curies":[{"name":"wp","href":"https:\/\/api.w.org\/{rel}","templated":true}]}}