{"id":44468,"date":"2026-02-24T11:34:05","date_gmt":"2026-02-24T10:34:05","guid":{"rendered":"https:\/\/imprimeideas.es\/?post_type=product&p=44468"},"modified":"2026-02-26T18:19:38","modified_gmt":"2026-02-26T17:19:38","slug":"lanyard-soporte-reuter","status":"publish","type":"product","link":"https:\/\/imprimeideas.es\/en\/product\/lanyard-soporte-reuter\/","title":{"rendered":"Lanyard Soporte Reuter"},"content":{"rendered":"<p>Original lanyard con accesorio para smartphone. Fabricado en resistente algod\u00f3n, con accesorio de bamb\u00fa para marcaje. Accesorio de transporte para situar entre la funda y el smartphone y mosquet\u00f3n giratorio met\u00e1lico. Ajustadores en cuello, con accesorios cromados en los extremos de los cordones de ajuste.Materiales como el bamb\u00fa fomentan la utilizaci\u00f3n de materias primas naturales, reduciendo las emisiones contaminantes. Proviene de una planta de gran resistencia y versatilidad, con crecimiento y regeneraci\u00f3n r\u00e1pidos, siendo una excelente alternativa al uso de madera tradicional.<\/p>","protected":false},"excerpt":{"rendered":"<p>Original lanyard con accesorio para smartphone. Fabricado en resistente algod\u00f3n, con accesorio de bamb\u00fa para marcaje. Accesorio de transporte para<\/p>","protected":false},"featured_media":62859,"comment_status":"open","ping_status":"open","template":"","meta":{"inline_featured_image":false},"product_brand":[],"product_cat":[122,95],"product_tag":[],"class_list":{"0":"post-44468","1":"product","2":"type-product","3":"status-publish","4":"has-post-thumbnail","6":"product_cat-articulos-sostenibles","7":"product_cat-tecnologia-y-accesorios","9":"first","10":"instock","11":"taxable","12":"shipping-taxable","13":"purchasable","14":"product-type-variable","15":"has-default-attributes"},"aioseo_notices":[],"_links":{"self":[{"href":"https:\/\/imprimeideas.es\/en\/wp-json\/wp\/v2\/product\/44468","targetHints":{"allow":["GET"]}}],"collection":[{"href":"https:\/\/imprimeideas.es\/en\/wp-json\/wp\/v2\/product"}],"about":[{"href":"https:\/\/imprimeideas.es\/en\/wp-json\/wp\/v2\/types\/product"}],"replies":[{"embeddable":true,"href":"https:\/\/imprimeideas.es\/en\/wp-json\/wp\/v2\/comments?post=44468"}],"version-history":[{"count":1,"href":"https:\/\/imprimeideas.es\/en\/wp-json\/wp\/v2\/product\/44468\/revisions"}],"predecessor-version":[{"id":55498,"href":"https:\/\/imprimeideas.es\/en\/wp-json\/wp\/v2\/product\/44468\/revisions\/55498"}],"wp:featuredmedia":[{"embeddable":true,"href":"https:\/\/imprimeideas.es\/en\/wp-json\/wp\/v2\/media\/62859"}],"wp:attachment":[{"href":"https:\/\/imprimeideas.es\/en\/wp-json\/wp\/v2\/media?parent=44468"}],"wp:term":[{"taxonomy":"product_brand","embeddable":true,"href":"https:\/\/imprimeideas.es\/en\/wp-json\/wp\/v2\/product_brand?post=44468"},{"taxonomy":"product_cat","embeddable":true,"href":"https:\/\/imprimeideas.es\/en\/wp-json\/wp\/v2\/product_cat?post=44468"},{"taxonomy":"product_tag","embeddable":true,"href":"https:\/\/imprimeideas.es\/en\/wp-json\/wp\/v2\/product_tag?post=44468"}],"curies":[{"name":"wp","href":"https:\/\/api.w.org\/{rel}","templated":true}]}}