{"id":44458,"date":"2026-02-24T11:34:04","date_gmt":"2026-02-24T10:34:04","guid":{"rendered":"https:\/\/imprimeideas.es\/?post_type=product&p=44458"},"modified":"2026-02-26T18:08:22","modified_gmt":"2026-02-26T17:08:22","slug":"anillo-de-luz-traxo","status":"publish","type":"product","link":"https:\/\/imprimeideas.es\/en\/product\/anillo-de-luz-traxo\/","title":{"rendered":"Anillo de Luz Traxo"},"content":{"rendered":"<p>Anillo de luz LED para smartphone, fabricado en resistente ca\u00f1a de trigo. Ajustable a cualquier smartphone, con 36 LEDs y 3 niveles de intensidad de luz. Bater\u00eda de 80 mAh y recargable por USB (cable Micro USB incluido). Presentado en atractiva caja de dise\u00f1o, con manual de instrucciones disponible en espa\u00f1ol e ingl\u00e9s.La ca\u00f1a de trigo fomenta la utilizaci\u00f3n de materias primas naturales, reduciendo as\u00ed las emisiones contaminantes.<\/p>","protected":false},"excerpt":{"rendered":"<p>36 Ledes. 3 Posiciones de Luz. Bater\u00eda 80 mAh<\/p>","protected":false},"featured_media":77312,"comment_status":"open","ping_status":"open","template":"","meta":{"inline_featured_image":false},"product_brand":[],"product_cat":[122,95],"product_tag":[],"class_list":{"0":"post-44458","1":"product","2":"type-product","3":"status-publish","4":"has-post-thumbnail","6":"product_cat-articulos-sostenibles","7":"product_cat-tecnologia-y-accesorios","9":"first","10":"instock","11":"taxable","12":"shipping-taxable","13":"purchasable","14":"product-type-variable","15":"has-default-attributes"},"aioseo_notices":[],"_links":{"self":[{"href":"https:\/\/imprimeideas.es\/en\/wp-json\/wp\/v2\/product\/44458","targetHints":{"allow":["GET"]}}],"collection":[{"href":"https:\/\/imprimeideas.es\/en\/wp-json\/wp\/v2\/product"}],"about":[{"href":"https:\/\/imprimeideas.es\/en\/wp-json\/wp\/v2\/types\/product"}],"replies":[{"embeddable":true,"href":"https:\/\/imprimeideas.es\/en\/wp-json\/wp\/v2\/comments?post=44458"}],"version-history":[{"count":1,"href":"https:\/\/imprimeideas.es\/en\/wp-json\/wp\/v2\/product\/44458\/revisions"}],"predecessor-version":[{"id":55495,"href":"https:\/\/imprimeideas.es\/en\/wp-json\/wp\/v2\/product\/44458\/revisions\/55495"}],"wp:featuredmedia":[{"embeddable":true,"href":"https:\/\/imprimeideas.es\/en\/wp-json\/wp\/v2\/media\/77312"}],"wp:attachment":[{"href":"https:\/\/imprimeideas.es\/en\/wp-json\/wp\/v2\/media?parent=44458"}],"wp:term":[{"taxonomy":"product_brand","embeddable":true,"href":"https:\/\/imprimeideas.es\/en\/wp-json\/wp\/v2\/product_brand?post=44458"},{"taxonomy":"product_cat","embeddable":true,"href":"https:\/\/imprimeideas.es\/en\/wp-json\/wp\/v2\/product_cat?post=44458"},{"taxonomy":"product_tag","embeddable":true,"href":"https:\/\/imprimeideas.es\/en\/wp-json\/wp\/v2\/product_tag?post=44458"}],"curies":[{"name":"wp","href":"https:\/\/api.w.org\/{rel}","templated":true}]}}