{"id":44456,"date":"2026-02-24T11:34:04","date_gmt":"2026-02-24T10:34:04","guid":{"rendered":"https:\/\/imprimeideas.es\/?post_type=product&p=44456"},"modified":"2026-02-26T18:03:07","modified_gmt":"2026-02-26T17:03:07","slug":"funda-ordenador-portatil-sublimacion-lury","status":"publish","type":"product","link":"https:\/\/imprimeideas.es\/en\/product\/funda-ordenador-portatil-sublimacion-lury\/","title":{"rendered":"Funda Ordenador Port\u00e1til Sublimaci\u00f3n Lury"},"content":{"rendered":"<p>Pr\u00e1ctica funda para ordenador port\u00e1til de hasta 15 pulgadas en soft shell. Especialmente dise\u00f1ada para la sublimaci\u00f3n con dos caras amplias para el marcaje, de cierre por cremallera de doble tirador en color negro y dos asas. Presentado individualmente en una bolsa reciclada.<\/p>","protected":false},"excerpt":{"rendered":"<p>Pr\u00e1ctica funda para ordenador port\u00e1til de hasta 15 pulgadas en soft shell. Especialmente dise\u00f1ada para la sublimaci\u00f3n con dos caras<\/p>","protected":false},"featured_media":71070,"comment_status":"open","ping_status":"open","template":"","meta":{"inline_featured_image":false},"product_brand":[],"product_cat":[96,115],"product_tag":[],"class_list":{"0":"post-44456","1":"product","2":"type-product","3":"status-publish","4":"has-post-thumbnail","6":"product_cat-oficina-y-negocios","7":"product_cat-sublimacion","9":"first","10":"instock","11":"taxable","12":"shipping-taxable","13":"purchasable","14":"product-type-variable","15":"has-default-attributes"},"aioseo_notices":[],"_links":{"self":[{"href":"https:\/\/imprimeideas.es\/en\/wp-json\/wp\/v2\/product\/44456","targetHints":{"allow":["GET"]}}],"collection":[{"href":"https:\/\/imprimeideas.es\/en\/wp-json\/wp\/v2\/product"}],"about":[{"href":"https:\/\/imprimeideas.es\/en\/wp-json\/wp\/v2\/types\/product"}],"replies":[{"embeddable":true,"href":"https:\/\/imprimeideas.es\/en\/wp-json\/wp\/v2\/comments?post=44456"}],"version-history":[{"count":1,"href":"https:\/\/imprimeideas.es\/en\/wp-json\/wp\/v2\/product\/44456\/revisions"}],"predecessor-version":[{"id":55494,"href":"https:\/\/imprimeideas.es\/en\/wp-json\/wp\/v2\/product\/44456\/revisions\/55494"}],"wp:featuredmedia":[{"embeddable":true,"href":"https:\/\/imprimeideas.es\/en\/wp-json\/wp\/v2\/media\/71070"}],"wp:attachment":[{"href":"https:\/\/imprimeideas.es\/en\/wp-json\/wp\/v2\/media?parent=44456"}],"wp:term":[{"taxonomy":"product_brand","embeddable":true,"href":"https:\/\/imprimeideas.es\/en\/wp-json\/wp\/v2\/product_brand?post=44456"},{"taxonomy":"product_cat","embeddable":true,"href":"https:\/\/imprimeideas.es\/en\/wp-json\/wp\/v2\/product_cat?post=44456"},{"taxonomy":"product_tag","embeddable":true,"href":"https:\/\/imprimeideas.es\/en\/wp-json\/wp\/v2\/product_tag?post=44456"}],"curies":[{"name":"wp","href":"https:\/\/api.w.org\/{rel}","templated":true}]}}