{"id":44453,"date":"2026-02-24T11:34:03","date_gmt":"2026-02-24T10:34:03","guid":{"rendered":"https:\/\/imprimeideas.es\/?post_type=product&p=44453"},"modified":"2026-02-26T18:19:42","modified_gmt":"2026-02-26T17:19:42","slug":"mascara-viaje-sublimacion-ranta","status":"publish","type":"product","link":"https:\/\/imprimeideas.es\/en\/product\/mascara-viaje-sublimacion-ranta\/","title":{"rendered":"M\u00e1scara Viaje Sublimaci\u00f3n Ranta"},"content":{"rendered":"<p>Pr\u00e1ctica m\u00e1scara de viaje fabricada en suave Soft Shell. Especialmente dise\u00f1ada para marcaje en sublimaci\u00f3n gracias a su amplia zona de marcaje en el frontal. Con cintas el\u00e1sticas para un f\u00e1cil ajuste. Presentada en una bolsa individual.<\/p>","protected":false},"excerpt":{"rendered":"<p>Pr\u00e1ctica m\u00e1scara de viaje fabricada en suave Soft Shell. Especialmente dise\u00f1ada para marcaje en sublimaci\u00f3n gracias a su amplia zona<\/p>","protected":false},"featured_media":67501,"comment_status":"open","ping_status":"open","template":"","meta":{"inline_featured_image":false},"product_brand":[],"product_cat":[115,103],"product_tag":[],"class_list":{"0":"post-44453","1":"product","2":"type-product","3":"status-publish","4":"has-post-thumbnail","6":"product_cat-sublimacion","7":"product_cat-viaje","9":"first","10":"instock","11":"taxable","12":"shipping-taxable","13":"purchasable","14":"product-type-variable","15":"has-default-attributes"},"aioseo_notices":[],"_links":{"self":[{"href":"https:\/\/imprimeideas.es\/en\/wp-json\/wp\/v2\/product\/44453","targetHints":{"allow":["GET"]}}],"collection":[{"href":"https:\/\/imprimeideas.es\/en\/wp-json\/wp\/v2\/product"}],"about":[{"href":"https:\/\/imprimeideas.es\/en\/wp-json\/wp\/v2\/types\/product"}],"replies":[{"embeddable":true,"href":"https:\/\/imprimeideas.es\/en\/wp-json\/wp\/v2\/comments?post=44453"}],"version-history":[{"count":1,"href":"https:\/\/imprimeideas.es\/en\/wp-json\/wp\/v2\/product\/44453\/revisions"}],"predecessor-version":[{"id":55493,"href":"https:\/\/imprimeideas.es\/en\/wp-json\/wp\/v2\/product\/44453\/revisions\/55493"}],"wp:featuredmedia":[{"embeddable":true,"href":"https:\/\/imprimeideas.es\/en\/wp-json\/wp\/v2\/media\/67501"}],"wp:attachment":[{"href":"https:\/\/imprimeideas.es\/en\/wp-json\/wp\/v2\/media?parent=44453"}],"wp:term":[{"taxonomy":"product_brand","embeddable":true,"href":"https:\/\/imprimeideas.es\/en\/wp-json\/wp\/v2\/product_brand?post=44453"},{"taxonomy":"product_cat","embeddable":true,"href":"https:\/\/imprimeideas.es\/en\/wp-json\/wp\/v2\/product_cat?post=44453"},{"taxonomy":"product_tag","embeddable":true,"href":"https:\/\/imprimeideas.es\/en\/wp-json\/wp\/v2\/product_tag?post=44453"}],"curies":[{"name":"wp","href":"https:\/\/api.w.org\/{rel}","templated":true}]}}