{"id":44451,"date":"2026-02-24T11:34:03","date_gmt":"2026-02-24T10:34:03","guid":{"rendered":"https:\/\/imprimeideas.es\/?post_type=product&p=44451"},"modified":"2026-02-26T18:42:26","modified_gmt":"2026-02-26T17:42:26","slug":"palas-playa-sublimacion-zaxia","status":"publish","type":"product","link":"https:\/\/imprimeideas.es\/en\/product\/palas-playa-sublimacion-zaxia\/","title":{"rendered":"Palas Playa Sublimaci\u00f3n Zaxia"},"content":{"rendered":"<p>Par de palas de playa especiales para la sublimaci\u00f3n. Fabricadas en madera, con mango reforzado en ca\u00f1a de trigo. Zona especial para la sublimaci\u00f3n en la parte plana de la pala con posibilidad de dise\u00f1os a todo color. Logotipo en el mango. Presentadas en bolsa de rejilla, con pelota de ca\u00f1a de trigo.La ca\u00f1a de trigo fomenta la utilizaci\u00f3n de materias primas naturales, reduciendo as\u00ed las emisiones contaminantes.<\/p>","protected":false},"excerpt":{"rendered":"<p>Par de palas de playa especiales para la sublimaci\u00f3n. Fabricadas en madera, con mango reforzado en ca\u00f1a de trigo. Zona<\/p>","protected":false},"featured_media":71964,"comment_status":"open","ping_status":"open","template":"","meta":{"inline_featured_image":false},"product_brand":[],"product_cat":[122,115,114],"product_tag":[],"class_list":{"0":"post-44451","1":"product","2":"type-product","3":"status-publish","4":"has-post-thumbnail","6":"product_cat-articulos-sostenibles","7":"product_cat-sublimacion","8":"product_cat-verano-y-playa","10":"first","11":"instock","12":"taxable","13":"shipping-taxable","14":"purchasable","15":"product-type-variable","16":"has-default-attributes"},"aioseo_notices":[],"_links":{"self":[{"href":"https:\/\/imprimeideas.es\/en\/wp-json\/wp\/v2\/product\/44451","targetHints":{"allow":["GET"]}}],"collection":[{"href":"https:\/\/imprimeideas.es\/en\/wp-json\/wp\/v2\/product"}],"about":[{"href":"https:\/\/imprimeideas.es\/en\/wp-json\/wp\/v2\/types\/product"}],"replies":[{"embeddable":true,"href":"https:\/\/imprimeideas.es\/en\/wp-json\/wp\/v2\/comments?post=44451"}],"version-history":[{"count":1,"href":"https:\/\/imprimeideas.es\/en\/wp-json\/wp\/v2\/product\/44451\/revisions"}],"predecessor-version":[{"id":55492,"href":"https:\/\/imprimeideas.es\/en\/wp-json\/wp\/v2\/product\/44451\/revisions\/55492"}],"wp:featuredmedia":[{"embeddable":true,"href":"https:\/\/imprimeideas.es\/en\/wp-json\/wp\/v2\/media\/71964"}],"wp:attachment":[{"href":"https:\/\/imprimeideas.es\/en\/wp-json\/wp\/v2\/media?parent=44451"}],"wp:term":[{"taxonomy":"product_brand","embeddable":true,"href":"https:\/\/imprimeideas.es\/en\/wp-json\/wp\/v2\/product_brand?post=44451"},{"taxonomy":"product_cat","embeddable":true,"href":"https:\/\/imprimeideas.es\/en\/wp-json\/wp\/v2\/product_cat?post=44451"},{"taxonomy":"product_tag","embeddable":true,"href":"https:\/\/imprimeideas.es\/en\/wp-json\/wp\/v2\/product_tag?post=44451"}],"curies":[{"name":"wp","href":"https:\/\/api.w.org\/{rel}","templated":true}]}}