{"id":44447,"date":"2026-02-24T11:34:03","date_gmt":"2026-02-24T10:34:03","guid":{"rendered":"https:\/\/imprimeideas.es\/?post_type=product&p=44447"},"modified":"2026-02-26T18:19:40","modified_gmt":"2026-02-26T17:19:40","slug":"bidon-ventilador-zexen","status":"publish","type":"product","link":"https:\/\/imprimeideas.es\/en\/product\/bidon-ventilador-zexen\/","title":{"rendered":"Bid\u00f3n Ventilador Zexen"},"content":{"rendered":"<p>Pr\u00e1ctico bid\u00f3n con ventilador, fabricado en Tritan y de 350 ml de capacidad. Libre de BPA, con tapadera herm\u00e9tica de rosca que incluye un ventilador regulable en 3 niveles de intensidad y posici\u00f3n. Con bater\u00eda de 1200 mAh y una tapadera extra para poder usar por separado. Incluye cord\u00f3n para transportarlo f\u00e1cilmente y viene presentado individualmente en caja kraft.<\/p>","protected":false},"excerpt":{"rendered":"<p>350 ml. 3 Posiciones. Bater\u00eda 1.200 mAh<\/p>","protected":false},"featured_media":78717,"comment_status":"open","ping_status":"open","template":"","meta":{"inline_featured_image":false},"product_brand":[],"product_cat":[106,97,114],"product_tag":[],"class_list":{"0":"post-44447","1":"product","2":"type-product","3":"status-publish","4":"has-post-thumbnail","6":"product_cat-regalos-y-premiums","7":"product_cat-tazas-jarras-y-termos","8":"product_cat-verano-y-playa","10":"first","11":"instock","12":"taxable","13":"shipping-taxable","14":"purchasable","15":"product-type-variable","16":"has-default-attributes"},"aioseo_notices":[],"_links":{"self":[{"href":"https:\/\/imprimeideas.es\/en\/wp-json\/wp\/v2\/product\/44447","targetHints":{"allow":["GET"]}}],"collection":[{"href":"https:\/\/imprimeideas.es\/en\/wp-json\/wp\/v2\/product"}],"about":[{"href":"https:\/\/imprimeideas.es\/en\/wp-json\/wp\/v2\/types\/product"}],"replies":[{"embeddable":true,"href":"https:\/\/imprimeideas.es\/en\/wp-json\/wp\/v2\/comments?post=44447"}],"version-history":[{"count":1,"href":"https:\/\/imprimeideas.es\/en\/wp-json\/wp\/v2\/product\/44447\/revisions"}],"predecessor-version":[{"id":55490,"href":"https:\/\/imprimeideas.es\/en\/wp-json\/wp\/v2\/product\/44447\/revisions\/55490"}],"wp:featuredmedia":[{"embeddable":true,"href":"https:\/\/imprimeideas.es\/en\/wp-json\/wp\/v2\/media\/78717"}],"wp:attachment":[{"href":"https:\/\/imprimeideas.es\/en\/wp-json\/wp\/v2\/media?parent=44447"}],"wp:term":[{"taxonomy":"product_brand","embeddable":true,"href":"https:\/\/imprimeideas.es\/en\/wp-json\/wp\/v2\/product_brand?post=44447"},{"taxonomy":"product_cat","embeddable":true,"href":"https:\/\/imprimeideas.es\/en\/wp-json\/wp\/v2\/product_cat?post=44447"},{"taxonomy":"product_tag","embeddable":true,"href":"https:\/\/imprimeideas.es\/en\/wp-json\/wp\/v2\/product_tag?post=44447"}],"curies":[{"name":"wp","href":"https:\/\/api.w.org\/{rel}","templated":true}]}}