{"id":44440,"date":"2026-02-24T11:33:53","date_gmt":"2026-02-24T10:33:53","guid":{"rendered":"https:\/\/imprimeideas.es\/?post_type=product&p=44440"},"modified":"2026-02-26T18:42:31","modified_gmt":"2026-02-26T17:42:31","slug":"cepillo-limpiador-grimg","status":"publish","type":"product","link":"https:\/\/imprimeideas.es\/en\/product\/cepillo-limpiador-grimg\/","title":{"rendered":"Cepillo Limpiador Grimg"},"content":{"rendered":"<p>Pr\u00e1ctico cepillo limpiador todo en uno, especialmente dise\u00f1ado para bidones, termos, tazas, vasos y art\u00edculos similares. Incluye 3 cepillos con diferentes tipos de cerdas, ideales para la correcta limpieza de las partes de dif\u00edcil acceso de los recipientes. Fabricado en resistente material ABS, con zona lisa para marcaje y presentado en caja individual de dise\u00f1o kraft.<\/p>","protected":false},"excerpt":{"rendered":"<p>3 Funciones<\/p>","protected":false},"featured_media":68093,"comment_status":"open","ping_status":"open","template":"","meta":{"inline_featured_image":false},"product_brand":[],"product_cat":[97],"product_tag":[],"class_list":{"0":"post-44440","1":"product","2":"type-product","3":"status-publish","4":"has-post-thumbnail","6":"product_cat-tazas-jarras-y-termos","8":"first","9":"instock","10":"taxable","11":"shipping-taxable","12":"purchasable","13":"product-type-variable","14":"has-default-attributes"},"aioseo_notices":[],"_links":{"self":[{"href":"https:\/\/imprimeideas.es\/en\/wp-json\/wp\/v2\/product\/44440","targetHints":{"allow":["GET"]}}],"collection":[{"href":"https:\/\/imprimeideas.es\/en\/wp-json\/wp\/v2\/product"}],"about":[{"href":"https:\/\/imprimeideas.es\/en\/wp-json\/wp\/v2\/types\/product"}],"replies":[{"embeddable":true,"href":"https:\/\/imprimeideas.es\/en\/wp-json\/wp\/v2\/comments?post=44440"}],"version-history":[{"count":1,"href":"https:\/\/imprimeideas.es\/en\/wp-json\/wp\/v2\/product\/44440\/revisions"}],"predecessor-version":[{"id":55488,"href":"https:\/\/imprimeideas.es\/en\/wp-json\/wp\/v2\/product\/44440\/revisions\/55488"}],"wp:featuredmedia":[{"embeddable":true,"href":"https:\/\/imprimeideas.es\/en\/wp-json\/wp\/v2\/media\/68093"}],"wp:attachment":[{"href":"https:\/\/imprimeideas.es\/en\/wp-json\/wp\/v2\/media?parent=44440"}],"wp:term":[{"taxonomy":"product_brand","embeddable":true,"href":"https:\/\/imprimeideas.es\/en\/wp-json\/wp\/v2\/product_brand?post=44440"},{"taxonomy":"product_cat","embeddable":true,"href":"https:\/\/imprimeideas.es\/en\/wp-json\/wp\/v2\/product_cat?post=44440"},{"taxonomy":"product_tag","embeddable":true,"href":"https:\/\/imprimeideas.es\/en\/wp-json\/wp\/v2\/product_tag?post=44440"}],"curies":[{"name":"wp","href":"https:\/\/api.w.org\/{rel}","templated":true}]}}