{"id":44436,"date":"2026-02-24T11:33:53","date_gmt":"2026-02-24T10:33:53","guid":{"rendered":"https:\/\/imprimeideas.es\/?post_type=product&p=44436"},"modified":"2026-02-26T18:28:02","modified_gmt":"2026-02-26T17:28:02","slug":"set-dickinson","status":"publish","type":"product","link":"https:\/\/imprimeideas.es\/en\/product\/set-dickinson\/","title":{"rendered":"Set Dickinson"},"content":{"rendered":"<p>Pr\u00e1ctico set de bid\u00f3n y vasos t\u00e9rmicos en acero inox. Incluye bid\u00f3n t\u00e9rmico de 500 ml de capacidad fabricado en acero inox con detalle superior de bamb\u00fa y asa. Adem\u00e1s, contiene 2 vasos de 300 ml de capacidad cada uno fabricados acero inox y tapaderas fabricadas bamb\u00fa con cierre de presi\u00f3n. Presentado en una caja troquelada de dise\u00f1o kraft.<\/p>","protected":false},"excerpt":{"rendered":"<p>Bidon T\u00e9rmico 500 ml. 2 Vasos T\u00e9rmicos 300 ml<\/p>","protected":false},"featured_media":79060,"comment_status":"open","ping_status":"open","template":"","meta":{"inline_featured_image":false},"product_brand":[],"product_cat":[122,106,97],"product_tag":[],"class_list":{"0":"post-44436","1":"product","2":"type-product","3":"status-publish","4":"has-post-thumbnail","6":"product_cat-articulos-sostenibles","7":"product_cat-regalos-y-premiums","8":"product_cat-tazas-jarras-y-termos","10":"first","11":"instock","12":"taxable","13":"shipping-taxable","14":"purchasable","15":"product-type-variable","16":"has-default-attributes"},"aioseo_notices":[],"_links":{"self":[{"href":"https:\/\/imprimeideas.es\/en\/wp-json\/wp\/v2\/product\/44436","targetHints":{"allow":["GET"]}}],"collection":[{"href":"https:\/\/imprimeideas.es\/en\/wp-json\/wp\/v2\/product"}],"about":[{"href":"https:\/\/imprimeideas.es\/en\/wp-json\/wp\/v2\/types\/product"}],"replies":[{"embeddable":true,"href":"https:\/\/imprimeideas.es\/en\/wp-json\/wp\/v2\/comments?post=44436"}],"version-history":[{"count":1,"href":"https:\/\/imprimeideas.es\/en\/wp-json\/wp\/v2\/product\/44436\/revisions"}],"predecessor-version":[{"id":55486,"href":"https:\/\/imprimeideas.es\/en\/wp-json\/wp\/v2\/product\/44436\/revisions\/55486"}],"wp:featuredmedia":[{"embeddable":true,"href":"https:\/\/imprimeideas.es\/en\/wp-json\/wp\/v2\/media\/79060"}],"wp:attachment":[{"href":"https:\/\/imprimeideas.es\/en\/wp-json\/wp\/v2\/media?parent=44436"}],"wp:term":[{"taxonomy":"product_brand","embeddable":true,"href":"https:\/\/imprimeideas.es\/en\/wp-json\/wp\/v2\/product_brand?post=44436"},{"taxonomy":"product_cat","embeddable":true,"href":"https:\/\/imprimeideas.es\/en\/wp-json\/wp\/v2\/product_cat?post=44436"},{"taxonomy":"product_tag","embeddable":true,"href":"https:\/\/imprimeideas.es\/en\/wp-json\/wp\/v2\/product_tag?post=44436"}],"curies":[{"name":"wp","href":"https:\/\/api.w.org\/{rel}","templated":true}]}}