{"id":44430,"date":"2026-02-24T11:33:52","date_gmt":"2026-02-24T10:33:52","guid":{"rendered":"https:\/\/imprimeideas.es\/?post_type=product&p=44430"},"modified":"2026-02-26T18:42:29","modified_gmt":"2026-02-26T17:42:29","slug":"termo-sutung","status":"publish","type":"product","link":"https:\/\/imprimeideas.es\/en\/product\/termo-sutung\/","title":{"rendered":"Termo Sutung"},"content":{"rendered":"<p>Termo en alta calidad de doble pared y 450 ml de capacidad, con medidor de temperatura t\u00e1ctil integrado en tap\u00f3n. Fabricado en acero inox, que ofrece una resistencia y durabilidad excepcionales. Tap\u00f3n en acero inox con infusor integrado y libre de BPA. Alimentaci\u00f3n a pilas (de bot\u00f3n incluida), con manual de instrucciones en espa\u00f1ol e ingl\u00e9s. Disponible en variada gama de colores y presentado en atractiva caja de dise\u00f1o kraft.<\/p>","protected":false},"excerpt":{"rendered":"<p>450 ml. Medidor Temperatura T\u00e1ctil. Infusor Incluido. Pila Bot\u00f3n Incluida<\/p>","protected":false},"featured_media":71080,"comment_status":"open","ping_status":"open","template":"","meta":{"inline_featured_image":false},"product_brand":[],"product_cat":[97],"product_tag":[],"class_list":{"0":"post-44430","1":"product","2":"type-product","3":"status-publish","4":"has-post-thumbnail","6":"product_cat-tazas-jarras-y-termos","8":"first","9":"instock","10":"taxable","11":"shipping-taxable","12":"purchasable","13":"product-type-variable","14":"has-default-attributes"},"aioseo_notices":[],"_links":{"self":[{"href":"https:\/\/imprimeideas.es\/en\/wp-json\/wp\/v2\/product\/44430","targetHints":{"allow":["GET"]}}],"collection":[{"href":"https:\/\/imprimeideas.es\/en\/wp-json\/wp\/v2\/product"}],"about":[{"href":"https:\/\/imprimeideas.es\/en\/wp-json\/wp\/v2\/types\/product"}],"replies":[{"embeddable":true,"href":"https:\/\/imprimeideas.es\/en\/wp-json\/wp\/v2\/comments?post=44430"}],"version-history":[{"count":1,"href":"https:\/\/imprimeideas.es\/en\/wp-json\/wp\/v2\/product\/44430\/revisions"}],"predecessor-version":[{"id":55485,"href":"https:\/\/imprimeideas.es\/en\/wp-json\/wp\/v2\/product\/44430\/revisions\/55485"}],"wp:featuredmedia":[{"embeddable":true,"href":"https:\/\/imprimeideas.es\/en\/wp-json\/wp\/v2\/media\/71080"}],"wp:attachment":[{"href":"https:\/\/imprimeideas.es\/en\/wp-json\/wp\/v2\/media?parent=44430"}],"wp:term":[{"taxonomy":"product_brand","embeddable":true,"href":"https:\/\/imprimeideas.es\/en\/wp-json\/wp\/v2\/product_brand?post=44430"},{"taxonomy":"product_cat","embeddable":true,"href":"https:\/\/imprimeideas.es\/en\/wp-json\/wp\/v2\/product_cat?post=44430"},{"taxonomy":"product_tag","embeddable":true,"href":"https:\/\/imprimeideas.es\/en\/wp-json\/wp\/v2\/product_tag?post=44430"}],"curies":[{"name":"wp","href":"https:\/\/api.w.org\/{rel}","templated":true}]}}