{"id":44379,"date":"2026-02-24T11:33:46","date_gmt":"2026-02-24T10:33:46","guid":{"rendered":"https:\/\/imprimeideas.es\/?post_type=product&p=44379"},"modified":"2026-02-26T18:13:35","modified_gmt":"2026-02-26T17:13:35","slug":"bidon-termico-wankex","status":"publish","type":"product","link":"https:\/\/imprimeideas.es\/en\/product\/bidon-termico-wankex\/","title":{"rendered":"Bid\u00f3n T\u00e9rmico Wankex"},"content":{"rendered":"<p>Bid\u00f3n t\u00e9rmico de doble capa con 1L de capacidad en acero inox. Tap\u00f3n de rosca de color negro con dosificador y asa de transporte. Adem\u00e1s, en la base tiene un compartimento de rosca para guardar peque\u00f1os objetos. Disponible en elegantes colores. Presentado en caja de dise\u00f1o kraft.<\/p>","protected":false},"excerpt":{"rendered":"<p>1 L<\/p>","protected":false},"featured_media":75848,"comment_status":"open","ping_status":"open","template":"","meta":{"inline_featured_image":false},"product_brand":[],"product_cat":[97],"product_tag":[],"class_list":{"0":"post-44379","1":"product","2":"type-product","3":"status-publish","4":"has-post-thumbnail","6":"product_cat-tazas-jarras-y-termos","8":"first","9":"instock","10":"taxable","11":"shipping-taxable","12":"purchasable","13":"product-type-variable","14":"has-default-attributes"},"aioseo_notices":[],"_links":{"self":[{"href":"https:\/\/imprimeideas.es\/en\/wp-json\/wp\/v2\/product\/44379","targetHints":{"allow":["GET"]}}],"collection":[{"href":"https:\/\/imprimeideas.es\/en\/wp-json\/wp\/v2\/product"}],"about":[{"href":"https:\/\/imprimeideas.es\/en\/wp-json\/wp\/v2\/types\/product"}],"replies":[{"embeddable":true,"href":"https:\/\/imprimeideas.es\/en\/wp-json\/wp\/v2\/comments?post=44379"}],"version-history":[{"count":1,"href":"https:\/\/imprimeideas.es\/en\/wp-json\/wp\/v2\/product\/44379\/revisions"}],"predecessor-version":[{"id":55475,"href":"https:\/\/imprimeideas.es\/en\/wp-json\/wp\/v2\/product\/44379\/revisions\/55475"}],"wp:featuredmedia":[{"embeddable":true,"href":"https:\/\/imprimeideas.es\/en\/wp-json\/wp\/v2\/media\/75848"}],"wp:attachment":[{"href":"https:\/\/imprimeideas.es\/en\/wp-json\/wp\/v2\/media?parent=44379"}],"wp:term":[{"taxonomy":"product_brand","embeddable":true,"href":"https:\/\/imprimeideas.es\/en\/wp-json\/wp\/v2\/product_brand?post=44379"},{"taxonomy":"product_cat","embeddable":true,"href":"https:\/\/imprimeideas.es\/en\/wp-json\/wp\/v2\/product_cat?post=44379"},{"taxonomy":"product_tag","embeddable":true,"href":"https:\/\/imprimeideas.es\/en\/wp-json\/wp\/v2\/product_tag?post=44379"}],"curies":[{"name":"wp","href":"https:\/\/api.w.org\/{rel}","templated":true}]}}