{"id":44374,"date":"2026-02-24T11:33:46","date_gmt":"2026-02-24T10:33:46","guid":{"rendered":"https:\/\/imprimeideas.es\/?post_type=product&p=44374"},"modified":"2026-02-26T18:19:29","modified_gmt":"2026-02-26T17:19:29","slug":"bidon-termico-corvac","status":"publish","type":"product","link":"https:\/\/imprimeideas.es\/en\/product\/bidon-termico-corvac\/","title":{"rendered":"Bid\u00f3n T\u00e9rmico Corvac"},"content":{"rendered":"<p>Bid\u00f3n t\u00e9rmico de acero inox, con doble pared y 550 ml de capacidad. Incluye tapa de cierre a rosca para un \u00f3ptimo sellado, con dosificador y asa para transporte ajustable. Disponible en variada gama de colores y presentado en atractiva caja de dise\u00f1o kraft.<\/p>","protected":false},"excerpt":{"rendered":"<p>550 ml<\/p>","protected":false},"featured_media":72766,"comment_status":"open","ping_status":"open","template":"","meta":{"inline_featured_image":false},"product_brand":[],"product_cat":[97],"product_tag":[],"class_list":{"0":"post-44374","1":"product","2":"type-product","3":"status-publish","4":"has-post-thumbnail","6":"product_cat-tazas-jarras-y-termos","8":"first","9":"instock","10":"taxable","11":"shipping-taxable","12":"purchasable","13":"product-type-variable","14":"has-default-attributes"},"aioseo_notices":[],"_links":{"self":[{"href":"https:\/\/imprimeideas.es\/en\/wp-json\/wp\/v2\/product\/44374","targetHints":{"allow":["GET"]}}],"collection":[{"href":"https:\/\/imprimeideas.es\/en\/wp-json\/wp\/v2\/product"}],"about":[{"href":"https:\/\/imprimeideas.es\/en\/wp-json\/wp\/v2\/types\/product"}],"replies":[{"embeddable":true,"href":"https:\/\/imprimeideas.es\/en\/wp-json\/wp\/v2\/comments?post=44374"}],"version-history":[{"count":1,"href":"https:\/\/imprimeideas.es\/en\/wp-json\/wp\/v2\/product\/44374\/revisions"}],"predecessor-version":[{"id":55474,"href":"https:\/\/imprimeideas.es\/en\/wp-json\/wp\/v2\/product\/44374\/revisions\/55474"}],"wp:featuredmedia":[{"embeddable":true,"href":"https:\/\/imprimeideas.es\/en\/wp-json\/wp\/v2\/media\/72766"}],"wp:attachment":[{"href":"https:\/\/imprimeideas.es\/en\/wp-json\/wp\/v2\/media?parent=44374"}],"wp:term":[{"taxonomy":"product_brand","embeddable":true,"href":"https:\/\/imprimeideas.es\/en\/wp-json\/wp\/v2\/product_brand?post=44374"},{"taxonomy":"product_cat","embeddable":true,"href":"https:\/\/imprimeideas.es\/en\/wp-json\/wp\/v2\/product_cat?post=44374"},{"taxonomy":"product_tag","embeddable":true,"href":"https:\/\/imprimeideas.es\/en\/wp-json\/wp\/v2\/product_tag?post=44374"}],"curies":[{"name":"wp","href":"https:\/\/api.w.org\/{rel}","templated":true}]}}