{"id":44337,"date":"2026-02-24T11:33:41","date_gmt":"2026-02-24T10:33:41","guid":{"rendered":"https:\/\/imprimeideas.es\/?post_type=product&p=44337"},"modified":"2026-02-26T18:19:40","modified_gmt":"2026-02-26T17:19:40","slug":"bidon-termico-flazer","status":"publish","type":"product","link":"https:\/\/imprimeideas.es\/en\/product\/bidon-termico-flazer\/","title":{"rendered":"Bid\u00f3n T\u00e9rmico Flazer"},"content":{"rendered":"<p>Bid\u00f3n t\u00e9rmico de 350 ml de capacidad, fabricado en acero inox de doble pared. Incluye original tap\u00f3n a rosca en bamb\u00fa y asa para transporte en color natural. Disponible en variada gama de colores y presentado en caja individual de dise\u00f1o kraft.<\/p>","protected":false},"excerpt":{"rendered":"<p>350 ml<\/p>","protected":false},"featured_media":81282,"comment_status":"open","ping_status":"open","template":"","meta":{"inline_featured_image":false},"product_brand":[],"product_cat":[122,97],"product_tag":[],"class_list":{"0":"post-44337","1":"product","2":"type-product","3":"status-publish","4":"has-post-thumbnail","6":"product_cat-articulos-sostenibles","7":"product_cat-tazas-jarras-y-termos","9":"first","10":"instock","11":"taxable","12":"shipping-taxable","13":"purchasable","14":"product-type-variable","15":"has-default-attributes"},"aioseo_notices":[],"_links":{"self":[{"href":"https:\/\/imprimeideas.es\/en\/wp-json\/wp\/v2\/product\/44337","targetHints":{"allow":["GET"]}}],"collection":[{"href":"https:\/\/imprimeideas.es\/en\/wp-json\/wp\/v2\/product"}],"about":[{"href":"https:\/\/imprimeideas.es\/en\/wp-json\/wp\/v2\/types\/product"}],"replies":[{"embeddable":true,"href":"https:\/\/imprimeideas.es\/en\/wp-json\/wp\/v2\/comments?post=44337"}],"version-history":[{"count":1,"href":"https:\/\/imprimeideas.es\/en\/wp-json\/wp\/v2\/product\/44337\/revisions"}],"predecessor-version":[{"id":55466,"href":"https:\/\/imprimeideas.es\/en\/wp-json\/wp\/v2\/product\/44337\/revisions\/55466"}],"wp:featuredmedia":[{"embeddable":true,"href":"https:\/\/imprimeideas.es\/en\/wp-json\/wp\/v2\/media\/81282"}],"wp:attachment":[{"href":"https:\/\/imprimeideas.es\/en\/wp-json\/wp\/v2\/media?parent=44337"}],"wp:term":[{"taxonomy":"product_brand","embeddable":true,"href":"https:\/\/imprimeideas.es\/en\/wp-json\/wp\/v2\/product_brand?post=44337"},{"taxonomy":"product_cat","embeddable":true,"href":"https:\/\/imprimeideas.es\/en\/wp-json\/wp\/v2\/product_cat?post=44337"},{"taxonomy":"product_tag","embeddable":true,"href":"https:\/\/imprimeideas.es\/en\/wp-json\/wp\/v2\/product_tag?post=44337"}],"curies":[{"name":"wp","href":"https:\/\/api.w.org\/{rel}","templated":true}]}}